{"id":1125,"date":"2025-03-10T11:15:04","date_gmt":"2025-03-10T10:15:04","guid":{"rendered":"https:\/\/flevolution.eu\/cms\/?page_id=1125"},"modified":"2025-03-10T11:15:04","modified_gmt":"2025-03-10T10:15:04","slug":"fiches-pedagogiques","status":"publish","type":"page","link":"https:\/\/flevolution.eu\/cms\/index.php\/fiches-pedagogiques\/","title":{"rendered":"Fiches p\u00e9dagogiques"},"content":{"rendered":"\n<p>Cliquez sur les images pour t\u00e9l\u00e9charger les fiches p\u00e9dagogiques.<\/p>\n\n\n\n<figure class=\"wp-block-image is-resized\"><a href=\"https:\/\/flevolution.eu\/cms\/wp-content\/uploads\/2025\/02\/LArchipel-du-chien-fiches-pedagogique-1-3.pdf\"><img loading=\"lazy\" decoding=\"async\" width=\"940\" height=\"788\" src=\"https:\/\/flevolution.eu\/cms\/wp-content\/uploads\/2025\/02\/Fiches-pedagogiques.png\" alt=\"\" class=\"wp-image-1023\" style=\"width:608px;height:auto\" srcset=\"https:\/\/flevolution.eu\/cms\/wp-content\/uploads\/2025\/02\/Fiches-pedagogiques.png 940w, https:\/\/flevolution.eu\/cms\/wp-content\/uploads\/2025\/02\/Fiches-pedagogiques-300x251.png 300w, https:\/\/flevolution.eu\/cms\/wp-content\/uploads\/2025\/02\/Fiches-pedagogiques-768x644.png 768w\" sizes=\"auto, (max-width: 940px) 100vw, 940px\" \/><\/a><\/figure>\n\n\n\n<figure class=\"wp-block-image is-resized\"><a href=\"https:\/\/flevolution.eu\/cms\/wp-content\/uploads\/2025\/02\/Inhumaines-fiches-pedagogiques-1.pdf\"><img loading=\"lazy\" decoding=\"async\" width=\"940\" height=\"788\" src=\"https:\/\/flevolution.eu\/cms\/wp-content\/uploads\/2025\/02\/Fiches-pedagogiquesinhumaines.png\" alt=\"\" class=\"wp-image-1071\" style=\"width:606px;height:auto\" srcset=\"https:\/\/flevolution.eu\/cms\/wp-content\/uploads\/2025\/02\/Fiches-pedagogiquesinhumaines.png 940w, https:\/\/flevolution.eu\/cms\/wp-content\/uploads\/2025\/02\/Fiches-pedagogiquesinhumaines-300x251.png 300w, https:\/\/flevolution.eu\/cms\/wp-content\/uploads\/2025\/02\/Fiches-pedagogiquesinhumaines-768x644.png 768w\" sizes=\"auto, (max-width: 940px) 100vw, 940px\" \/><\/a><\/figure>\n\n\n\n<figure class=\"wp-block-image is-resized\"><a href=\"https:\/\/flevolution.eu\/cms\/wp-content\/uploads\/2025\/02\/Crepuscule-fiches-pedagogiques.pdf\"><img loading=\"lazy\" decoding=\"async\" width=\"940\" height=\"788\" src=\"https:\/\/flevolution.eu\/cms\/wp-content\/uploads\/2025\/02\/Fiches-pedagogiques_crepuscule.png\" alt=\"\" class=\"wp-image-1075\" style=\"width:605px;height:auto\" srcset=\"https:\/\/flevolution.eu\/cms\/wp-content\/uploads\/2025\/02\/Fiches-pedagogiques_crepuscule.png 940w, https:\/\/flevolution.eu\/cms\/wp-content\/uploads\/2025\/02\/Fiches-pedagogiques_crepuscule-300x251.png 300w, https:\/\/flevolution.eu\/cms\/wp-content\/uploads\/2025\/02\/Fiches-pedagogiques_crepuscule-768x644.png 768w\" sizes=\"auto, (max-width: 940px) 100vw, 940px\" \/><\/a><\/figure>\n\n\n\n<figure class=\"wp-block-image is-resized\"><a href=\"https:\/\/flevolution.eu\/cms\/wp-content\/uploads\/2025\/02\/lArchipel-du-chien-2-fiches-pedagogiques.pdf\"><img loading=\"lazy\" decoding=\"async\" width=\"940\" height=\"788\" src=\"https:\/\/flevolution.eu\/cms\/wp-content\/uploads\/2025\/02\/Fiches-pedagogiques_archipel2.png\" alt=\"\" class=\"wp-image-1077\" style=\"width:604px;height:auto\" srcset=\"https:\/\/flevolution.eu\/cms\/wp-content\/uploads\/2025\/02\/Fiches-pedagogiques_archipel2.png 940w, https:\/\/flevolution.eu\/cms\/wp-content\/uploads\/2025\/02\/Fiches-pedagogiques_archipel2-300x251.png 300w, https:\/\/flevolution.eu\/cms\/wp-content\/uploads\/2025\/02\/Fiches-pedagogiques_archipel2-768x644.png 768w\" sizes=\"auto, (max-width: 940px) 100vw, 940px\" \/><\/a><\/figure>\n\n\n\n<p><\/p>\n","protected":false},"excerpt":{"rendered":"<p>Cliquez sur les images pour t\u00e9l\u00e9charger les fiches p\u00e9dagogiques.<\/p>\n","protected":false},"author":2,"featured_media":0,"parent":0,"menu_order":0,"comment_status":"closed","ping_status":"closed","template":"","meta":{"ngg_post_thumbnail":0,"_kad_post_transparent":"","_kad_post_title":"","_kad_post_layout":"","_kad_post_sidebar_id":"","_kad_post_content_style":"","_kad_post_vertical_padding":"","_kad_post_feature":"","_kad_post_feature_position":"","_kad_post_header":false,"_kad_post_footer":false,"footnotes":""},"class_list":["post-1125","page","type-page","status-publish","hentry"],"_links":{"self":[{"href":"https:\/\/flevolution.eu\/cms\/index.php\/wp-json\/wp\/v2\/pages\/1125","targetHints":{"allow":["GET"]}}],"collection":[{"href":"https:\/\/flevolution.eu\/cms\/index.php\/wp-json\/wp\/v2\/pages"}],"about":[{"href":"https:\/\/flevolution.eu\/cms\/index.php\/wp-json\/wp\/v2\/types\/page"}],"author":[{"embeddable":true,"href":"https:\/\/flevolution.eu\/cms\/index.php\/wp-json\/wp\/v2\/users\/2"}],"replies":[{"embeddable":true,"href":"https:\/\/flevolution.eu\/cms\/index.php\/wp-json\/wp\/v2\/comments?post=1125"}],"version-history":[{"count":1,"href":"https:\/\/flevolution.eu\/cms\/index.php\/wp-json\/wp\/v2\/pages\/1125\/revisions"}],"predecessor-version":[{"id":1126,"href":"https:\/\/flevolution.eu\/cms\/index.php\/wp-json\/wp\/v2\/pages\/1125\/revisions\/1126"}],"wp:attachment":[{"href":"https:\/\/flevolution.eu\/cms\/index.php\/wp-json\/wp\/v2\/media?parent=1125"}],"curies":[{"name":"wp","href":"https:\/\/api.w.org\/{rel}","templated":true}]}}