{"id":257,"date":"2024-02-18T18:04:05","date_gmt":"2024-02-18T17:04:05","guid":{"rendered":"https:\/\/flevolution.eu\/cms\/?page_id=257"},"modified":"2025-03-02T18:28:30","modified_gmt":"2025-03-02T17:28:30","slug":"la-foire-aux-questions-faq","status":"publish","type":"page","link":"https:\/\/flevolution.eu\/cms\/index.php\/la-foire-aux-questions-faq\/","title":{"rendered":"La foire aux questions (FAQ)"},"content":{"rendered":"<div class=\"wp-block-image\">\n<figure class=\"aligncenter size-full\"><img loading=\"lazy\" decoding=\"async\" width=\"916\" height=\"392\" src=\"https:\/\/flevolution.eu\/cms\/wp-content\/uploads\/2024\/02\/faq2.jpg\" alt=\"FAQ\" class=\"wp-image-266\" srcset=\"https:\/\/flevolution.eu\/cms\/wp-content\/uploads\/2024\/02\/faq2.jpg 916w, https:\/\/flevolution.eu\/cms\/wp-content\/uploads\/2024\/02\/faq2-300x128.jpg 300w, https:\/\/flevolution.eu\/cms\/wp-content\/uploads\/2024\/02\/faq2-768x329.jpg 768w\" sizes=\"auto, (max-width: 916px) 100vw, 916px\" \/><\/figure>\n<\/div>\n\n\n<h2 class=\"wp-block-heading\">La foire aux questions (FAQ) 2025<\/h2>\n\n\n\n<div class=\"wp-block-columns is-layout-flex wp-container-core-columns-is-layout-9d6595d7 wp-block-columns-is-layout-flex\">\n<div class=\"wp-block-column is-layout-flow wp-block-column-is-layout-flow\" style=\"flex-basis:3%\">\n<figure class=\"wp-block-image size-full is-style-rounded\"><img loading=\"lazy\" decoding=\"async\" width=\"34\" height=\"34\" src=\"https:\/\/flevolution.eu\/cms\/wp-content\/uploads\/2024\/02\/znak_zapytania.jpg\" alt=\"question mark\" class=\"wp-image-258\"\/><\/figure>\n<\/div>\n\n\n\n<div class=\"wp-block-column is-layout-flow wp-block-column-is-layout-flow\" style=\"flex-basis:66.66%\">\n<p><strong>Combien d\u2019\u00e9tudiants engag\u00e9s sont requis dans chaque centre participant pour r\u00e9ussir ce projet ?<\/strong><br><br>Il n\u2019y a pas de nombre fixe, n\u2019importe quel nombre de personnes peut \u00eatre impliqu\u00e9 dans le projet, sachant toutefois que le voyage \u00e0 Gda\u0144sk en mai est pr\u00e9vu pour un maximum de trois participants plus un coordinateur.<\/p>\n<\/div>\n<\/div>\n\n\n\n<div class=\"wp-block-columns is-layout-flex wp-container-core-columns-is-layout-9d6595d7 wp-block-columns-is-layout-flex\">\n<div class=\"wp-block-column is-layout-flow wp-block-column-is-layout-flow\" style=\"flex-basis:3%\">\n<figure class=\"wp-block-image size-full is-style-rounded\"><img loading=\"lazy\" decoding=\"async\" width=\"34\" height=\"34\" src=\"https:\/\/flevolution.eu\/cms\/wp-content\/uploads\/2024\/02\/znak_zapytania.jpg\" alt=\"question mark\" class=\"wp-image-258\"\/><\/figure>\n<\/div>\n\n\n\n<div class=\"wp-block-column is-layout-flow wp-block-column-is-layout-flow\" style=\"flex-basis:66.66%\">\n<p><strong>Quelle est la date limite d\u2019envoi des exercices pr\u00e9par\u00e9s ?<\/strong><br><br>La date limite d\u2019envoi des documents est le 20 mai 2025 \u00e0 l\u2019adresse\u00a0<a href=\"mailto:FLEvolution@ug.edu.pl\">FLEvolution@ug.edu.pl<\/a><\/p>\n<\/div>\n<\/div>\n\n\n\n<div class=\"wp-block-columns is-layout-flex wp-container-core-columns-is-layout-9d6595d7 wp-block-columns-is-layout-flex\">\n<div class=\"wp-block-column is-layout-flow wp-block-column-is-layout-flow\" style=\"flex-basis:3%\">\n<figure class=\"wp-block-image size-full is-style-rounded\"><img loading=\"lazy\" decoding=\"async\" width=\"34\" height=\"34\" src=\"https:\/\/flevolution.eu\/cms\/wp-content\/uploads\/2024\/02\/znak_zapytania.jpg\" alt=\"question mark\" class=\"wp-image-258\"\/><\/figure>\n<\/div>\n\n\n\n<div class=\"wp-block-column is-layout-flow wp-block-column-is-layout-flow\" style=\"flex-basis:66.66%\">\n<p><strong>En quelle langue faut-il pr\u00e9parer les exercices&nbsp;?<\/strong><br><br>Les exercices doivent \u00eatre pr\u00e9par\u00e9s en fran\u00e7ais.<\/p>\n<\/div>\n<\/div>\n\n\n\n<div class=\"wp-block-columns is-layout-flex wp-container-core-columns-is-layout-9d6595d7 wp-block-columns-is-layout-flex\">\n<div class=\"wp-block-column is-layout-flow wp-block-column-is-layout-flow\" style=\"flex-basis:3%\">\n<figure class=\"wp-block-image size-full is-style-rounded\"><img loading=\"lazy\" decoding=\"async\" width=\"34\" height=\"34\" src=\"https:\/\/flevolution.eu\/cms\/wp-content\/uploads\/2024\/02\/znak_zapytania.jpg\" alt=\"question mark\" class=\"wp-image-258\"\/><\/figure>\n<\/div>\n\n\n\n<div class=\"wp-block-column is-layout-flow wp-block-column-is-layout-flow\" style=\"flex-basis:66.66%\">\n<p><strong>Est-il possible de cr\u00e9er un exercice d\u2019un type diff\u00e9rent de ceux inclus dans les modules propos\u00e9s&nbsp;?<\/strong><br><br>Oui, c\u2019est possible. Veuillez simplement nous contacter pour discuter des possibilit\u00e9s techniques.<\/p>\n<\/div>\n<\/div>\n\n\n\n<div class=\"wp-block-columns is-layout-flex wp-container-core-columns-is-layout-9d6595d7 wp-block-columns-is-layout-flex\">\n<div class=\"wp-block-column is-layout-flow wp-block-column-is-layout-flow\" style=\"flex-basis:3%\">\n<figure class=\"wp-block-image size-full is-style-rounded\"><img loading=\"lazy\" decoding=\"async\" width=\"34\" height=\"34\" src=\"https:\/\/flevolution.eu\/cms\/wp-content\/uploads\/2024\/02\/znak_zapytania.jpg\" alt=\"question mark\" class=\"wp-image-258\"\/><\/figure>\n<\/div>\n\n\n\n<div class=\"wp-block-column is-layout-flow wp-block-column-is-layout-flow\" style=\"flex-basis:66.66%\">\n<p><strong>Qui sera responsable de la mise en place des exercices sur la plateforme Moodle&nbsp;?<\/strong><br><br>L\u2019aspect technique est pris en charge par l\u2019\u00e9quipe informatique de l\u2019Universit\u00e9 de Gda\u0144sk.<\/p>\n<\/div>\n<\/div>\n\n\n\n<div class=\"wp-block-columns is-layout-flex wp-container-core-columns-is-layout-9d6595d7 wp-block-columns-is-layout-flex\">\n<div class=\"wp-block-column is-layout-flow wp-block-column-is-layout-flow\" style=\"flex-basis:3%\">\n<figure class=\"wp-block-image size-full is-style-rounded\"><img loading=\"lazy\" decoding=\"async\" width=\"34\" height=\"34\" src=\"https:\/\/flevolution.eu\/cms\/wp-content\/uploads\/2024\/02\/znak_zapytania.jpg\" alt=\"question mark\" class=\"wp-image-258\"\/><\/figure>\n<\/div>\n\n\n\n<div class=\"wp-block-column is-layout-flow wp-block-column-is-layout-flow\" style=\"flex-basis:66.66%\">\n<p><strong>Pouvons-nous soumettre des photos ou des vid\u00e9os que nous avons r\u00e9alis\u00e9es nous-m\u00eames ?<\/strong><br><br>Oui, cependant, veillez \u00e0 obtenir les consentements \u00e9crits des personnes figurant sur les photos ou vid\u00e9os avant de partager leur image.<\/p>\n<\/div>\n<\/div>\n\n\n\n<div class=\"wp-block-columns is-layout-flex wp-container-core-columns-is-layout-9d6595d7 wp-block-columns-is-layout-flex\">\n<div class=\"wp-block-column is-layout-flow wp-block-column-is-layout-flow\" style=\"flex-basis:3%\">\n<figure class=\"wp-block-image size-full is-style-rounded\"><img loading=\"lazy\" decoding=\"async\" width=\"34\" height=\"34\" src=\"https:\/\/flevolution.eu\/cms\/wp-content\/uploads\/2024\/02\/znak_zapytania.jpg\" alt=\"question mark\" class=\"wp-image-258\"\/><\/figure>\n<\/div>\n\n\n\n<div class=\"wp-block-column is-layout-flow wp-block-column-is-layout-flow\" style=\"flex-basis:66.66%\">\n<p><strong>O\u00f9 chercher des illustrations qui pourraient \u00eatre utiles pour cr\u00e9er des exercices ?<\/strong><br><br>Nous vous invitons \u00e0 utiliser la banque d\u2019images Canva.eu en version Pro, nous poss\u00e9dons une licence.<\/p>\n<\/div>\n<\/div>\n\n\n\n<div class=\"wp-block-columns is-layout-flex wp-container-core-columns-is-layout-9d6595d7 wp-block-columns-is-layout-flex\">\n<div class=\"wp-block-column is-layout-flow wp-block-column-is-layout-flow\" style=\"flex-basis:3%\">\n<figure class=\"wp-block-image size-full is-style-rounded\"><img loading=\"lazy\" decoding=\"async\" width=\"34\" height=\"34\" src=\"https:\/\/flevolution.eu\/cms\/wp-content\/uploads\/2024\/02\/znak_zapytania.jpg\" alt=\"question mark\" class=\"wp-image-258\"\/><\/figure>\n<\/div>\n\n\n\n<div class=\"wp-block-column is-layout-flow wp-block-column-is-layout-flow\" style=\"flex-basis:66.66%\">\n<p><strong>Est-ce que je dois chercher personnellement un h\u00e9bergement pendant mon s\u00e9jour \u00e0 Gda\u0144sk&nbsp;?<\/strong><br><br>Non, FLEvolution se charge d\u2019assurer l\u2019h\u00e9bergement \u00e0 Gda\u0144sk pendant la dur\u00e9e du projet, c\u2019est-\u00e0-dire du 20 au 24 mai 2025.<\/p>\n<\/div>\n<\/div>\n\n\n\n<div class=\"wp-block-columns is-layout-flex wp-container-core-columns-is-layout-9d6595d7 wp-block-columns-is-layout-flex\">\n<div class=\"wp-block-column is-layout-flow wp-block-column-is-layout-flow\" style=\"flex-basis:3%\">\n<figure class=\"wp-block-image size-full is-style-rounded\"><img loading=\"lazy\" decoding=\"async\" width=\"34\" height=\"34\" src=\"https:\/\/flevolution.eu\/cms\/wp-content\/uploads\/2024\/02\/znak_zapytania.jpg\" alt=\"question mark\" class=\"wp-image-258\"\/><\/figure>\n<\/div>\n\n\n\n<div class=\"wp-block-column is-layout-flow wp-block-column-is-layout-flow\" style=\"flex-basis:66.66%\">\n<p><strong>Pour participer au concours photo &nbsp;Explorer son quartier dois-je \u00eatre impliqu\u00e9 dans le projet&nbsp;?<\/strong><br><br>Non, ce n\u2019est pas n\u00e9cessaire. Le concours s\u2019adresse \u00e0 tous les \u00e9tudiants des universit\u00e9s europ\u00e9ennes ainsi qu\u2019aux auditeurs de l\u2019Alliance Fran\u00e7aise.<\/p>\n<\/div>\n<\/div>\n\n\n\n<div class=\"wp-block-columns is-layout-flex wp-container-core-columns-is-layout-9d6595d7 wp-block-columns-is-layout-flex\">\n<div class=\"wp-block-column is-layout-flow wp-block-column-is-layout-flow\" style=\"flex-basis:3%\">\n<figure class=\"wp-block-image size-full is-style-rounded\"><img loading=\"lazy\" decoding=\"async\" width=\"34\" height=\"34\" src=\"https:\/\/flevolution.eu\/cms\/wp-content\/uploads\/2024\/02\/znak_zapytania.jpg\" alt=\"question mark\" class=\"wp-image-258\"\/><\/figure>\n<\/div>\n\n\n\n<div class=\"wp-block-column is-layout-flow wp-block-column-is-layout-flow\" style=\"flex-basis:66.66%\">\n<p><strong>Qu\u2019est-ce que nous, en tant que groupe, devons apporter avec nous \u00e0 Gda\u0144sk ?<\/strong><br><br>Nous vous prions de pr\u00e9parer une affiche ou un poster avec quelques r\u00e9flexions sur votre exp\u00e9rience dans la pr\u00e9paration des exercices que vous souhaitez partager avec les autres participants du projet.<\/p>\n<\/div>\n<\/div>\n\n\n\n<hr class=\"wp-block-separator has-alpha-channel-opacity is-style-wide\"\/>\n\n\n\n<h2 class=\"wp-block-heading\">La foire aux questions (FAQ) 2024<\/h2>\n\n\n\n<div class=\"wp-block-columns is-layout-flex wp-container-core-columns-is-layout-9d6595d7 wp-block-columns-is-layout-flex\">\n<div class=\"wp-block-column is-layout-flow wp-block-column-is-layout-flow\" style=\"flex-basis:3%\">\n<figure class=\"wp-block-image size-full is-style-rounded\"><img loading=\"lazy\" decoding=\"async\" width=\"34\" height=\"34\" src=\"https:\/\/flevolution.eu\/cms\/wp-content\/uploads\/2024\/02\/znak_zapytania.jpg\" alt=\"question mark\" class=\"wp-image-258\"\/><\/figure>\n<\/div>\n\n\n\n<div class=\"wp-block-column is-layout-flow wp-block-column-is-layout-flow\" style=\"flex-basis:66.66%\">\n<p><strong>Combien d\u2019\u00e9tudiants engag\u00e9s sont requis dans chaque centre participant pour r\u00e9ussir ce projet ?<\/strong><br><br>Il n\u2019y a pas de nombre fixe, n\u2019importe quel nombre de personnes peut \u00eatre impliqu\u00e9 dans le projet, sachant toutefois que le voyage \u00e0 Gda\u0144sk en mai est pr\u00e9vu pour un maximum de trois participants plus un coordinateur.<\/p>\n<\/div>\n<\/div>\n\n\n\n<div class=\"wp-block-columns is-layout-flex wp-container-core-columns-is-layout-9d6595d7 wp-block-columns-is-layout-flex\">\n<div class=\"wp-block-column is-layout-flow wp-block-column-is-layout-flow\" style=\"flex-basis:3%\">\n<figure class=\"wp-block-image size-full is-style-rounded\"><img loading=\"lazy\" decoding=\"async\" width=\"34\" height=\"34\" src=\"https:\/\/flevolution.eu\/cms\/wp-content\/uploads\/2024\/02\/znak_zapytania.jpg\" alt=\"question mark\" class=\"wp-image-258\"\/><\/figure>\n<\/div>\n\n\n\n<div class=\"wp-block-column is-layout-flow wp-block-column-is-layout-flow\" style=\"flex-basis:66.66%\">\n<p><strong><strong>Quelle est la date limite d\u2019envoi des exercices pr\u00e9par\u00e9s ?<\/strong><\/strong><br><br>La date limite d\u2019envoi des documents est le 7 mai 2024 \u00e0 l\u2019adresse&nbsp;<a href=\"mailto:FLEvolution@ug.edu.pl\">FLEvolution@ug.edu.pl<\/a><\/p>\n<\/div>\n<\/div>\n\n\n\n<div class=\"wp-block-columns is-layout-flex wp-container-core-columns-is-layout-9d6595d7 wp-block-columns-is-layout-flex\">\n<div class=\"wp-block-column is-layout-flow wp-block-column-is-layout-flow\" style=\"flex-basis:3%\">\n<figure class=\"wp-block-image size-full is-style-rounded\"><img loading=\"lazy\" decoding=\"async\" width=\"34\" height=\"34\" src=\"https:\/\/flevolution.eu\/cms\/wp-content\/uploads\/2024\/02\/znak_zapytania.jpg\" alt=\"question mark\" class=\"wp-image-258\"\/><\/figure>\n<\/div>\n\n\n\n<div class=\"wp-block-column is-layout-flow wp-block-column-is-layout-flow\" style=\"flex-basis:66.66%\">\n<p><strong><strong><strong>En quelle langue faut-il pr\u00e9parer les exercices&nbsp;?<\/strong><\/strong><\/strong><br><br>Les exercices doivent \u00eatre pr\u00e9par\u00e9s en fran\u00e7ais.<\/p>\n<\/div>\n<\/div>\n\n\n\n<div class=\"wp-block-columns is-layout-flex wp-container-core-columns-is-layout-9d6595d7 wp-block-columns-is-layout-flex\">\n<div class=\"wp-block-column is-layout-flow wp-block-column-is-layout-flow\" style=\"flex-basis:3%\">\n<figure class=\"wp-block-image size-full is-style-rounded\"><img loading=\"lazy\" decoding=\"async\" width=\"34\" height=\"34\" src=\"https:\/\/flevolution.eu\/cms\/wp-content\/uploads\/2024\/02\/znak_zapytania.jpg\" alt=\"question mark\" class=\"wp-image-258\"\/><\/figure>\n<\/div>\n\n\n\n<div class=\"wp-block-column is-layout-flow wp-block-column-is-layout-flow\" style=\"flex-basis:66.66%\">\n<p><strong>Est-il possible de cr\u00e9er un exercice d\u2019un type diff\u00e9rent de ceux inclus dans les modules propos\u00e9s&nbsp;?<\/strong><br><br>Oui, c\u2019est possible. Veuillez simplement nous contacter pour discuter des possibilit\u00e9s techniques.<\/p>\n<\/div>\n<\/div>\n\n\n\n<div class=\"wp-block-columns is-layout-flex wp-container-core-columns-is-layout-9d6595d7 wp-block-columns-is-layout-flex\">\n<div class=\"wp-block-column is-layout-flow wp-block-column-is-layout-flow\" style=\"flex-basis:3%\">\n<figure class=\"wp-block-image size-full is-style-rounded\"><img loading=\"lazy\" decoding=\"async\" width=\"34\" height=\"34\" src=\"https:\/\/flevolution.eu\/cms\/wp-content\/uploads\/2024\/02\/znak_zapytania.jpg\" alt=\"question mark\" class=\"wp-image-258\"\/><\/figure>\n<\/div>\n\n\n\n<div class=\"wp-block-column is-layout-flow wp-block-column-is-layout-flow\" style=\"flex-basis:66.66%\">\n<p><strong><strong>Qui sera responsable de la mise en place des exercices sur la plateforme Moodle&nbsp;?<\/strong><\/strong><br><br>L\u2019aspect technique est pris en charge par l\u2019\u00e9quipe informatique de l\u2019Universit\u00e9 de Gda\u0144sk.<\/p>\n<\/div>\n<\/div>\n\n\n\n<div class=\"wp-block-columns is-layout-flex wp-container-core-columns-is-layout-9d6595d7 wp-block-columns-is-layout-flex\">\n<div class=\"wp-block-column is-layout-flow wp-block-column-is-layout-flow\" style=\"flex-basis:3%\">\n<figure class=\"wp-block-image size-full is-style-rounded\"><img loading=\"lazy\" decoding=\"async\" width=\"34\" height=\"34\" src=\"https:\/\/flevolution.eu\/cms\/wp-content\/uploads\/2024\/02\/znak_zapytania.jpg\" alt=\"question mark\" class=\"wp-image-258\"\/><\/figure>\n<\/div>\n\n\n\n<div class=\"wp-block-column is-layout-flow wp-block-column-is-layout-flow\" style=\"flex-basis:66.66%\">\n<p><strong><strong>Pouvons-nous soumettre des photos ou des vid\u00e9os que nous avons r\u00e9alis\u00e9es nous-m\u00eames ?<\/strong><\/strong><br><br>Oui, cependant, veillez \u00e0 obtenir les consentements \u00e9crits des personnes figurant sur les photos ou vid\u00e9os avant de partager leur image.<\/p>\n<\/div>\n<\/div>\n\n\n\n<div class=\"wp-block-columns is-layout-flex wp-container-core-columns-is-layout-9d6595d7 wp-block-columns-is-layout-flex\">\n<div class=\"wp-block-column is-layout-flow wp-block-column-is-layout-flow\" style=\"flex-basis:3%\">\n<figure class=\"wp-block-image size-full is-style-rounded\"><img loading=\"lazy\" decoding=\"async\" width=\"34\" height=\"34\" src=\"https:\/\/flevolution.eu\/cms\/wp-content\/uploads\/2024\/02\/znak_zapytania.jpg\" alt=\"question mark\" class=\"wp-image-258\"\/><\/figure>\n<\/div>\n\n\n\n<div class=\"wp-block-column is-layout-flow wp-block-column-is-layout-flow\" style=\"flex-basis:66.66%\">\n<p><strong><strong><strong>O\u00f9 chercher des illustrations qui pourraient \u00eatre utiles pour cr\u00e9er des exercices ?<\/strong><\/strong><\/strong><br><br>Nous vous invitons \u00e0 utiliser la banque d\u2019images Canva.eu en version Pro, nous poss\u00e9dons une licence.<\/p>\n<\/div>\n<\/div>\n\n\n\n<div class=\"wp-block-columns is-layout-flex wp-container-core-columns-is-layout-9d6595d7 wp-block-columns-is-layout-flex\">\n<div class=\"wp-block-column is-layout-flow wp-block-column-is-layout-flow\" style=\"flex-basis:3%\">\n<figure class=\"wp-block-image size-full is-style-rounded\"><img loading=\"lazy\" decoding=\"async\" width=\"34\" height=\"34\" src=\"https:\/\/flevolution.eu\/cms\/wp-content\/uploads\/2024\/02\/znak_zapytania.jpg\" alt=\"question mark\" class=\"wp-image-258\"\/><\/figure>\n<\/div>\n\n\n\n<div class=\"wp-block-column is-layout-flow wp-block-column-is-layout-flow\" style=\"flex-basis:66.66%\">\n<p><strong><strong>Est-ce que je dois chercher personnellement un h\u00e9bergement pendant mon s\u00e9jour \u00e0 Gda\u0144sk&nbsp;?<\/strong><\/strong><br><br>Non, FLEvolution se charge d\u2019assurer l\u2019h\u00e9bergement \u00e0 Gda\u0144sk pendant la dur\u00e9e du projet, c\u2019est-\u00e0-dire du 8 au 11 mai 2024.<\/p>\n<\/div>\n<\/div>\n\n\n\n<div class=\"wp-block-columns is-layout-flex wp-container-core-columns-is-layout-9d6595d7 wp-block-columns-is-layout-flex\">\n<div class=\"wp-block-column is-layout-flow wp-block-column-is-layout-flow\" style=\"flex-basis:3%\">\n<figure class=\"wp-block-image size-full is-style-rounded\"><img loading=\"lazy\" decoding=\"async\" width=\"34\" height=\"34\" src=\"https:\/\/flevolution.eu\/cms\/wp-content\/uploads\/2024\/02\/znak_zapytania.jpg\" alt=\"question mark\" class=\"wp-image-258\"\/><\/figure>\n<\/div>\n\n\n\n<div class=\"wp-block-column is-layout-flow wp-block-column-is-layout-flow\" style=\"flex-basis:66.66%\">\n<p><strong><strong>Pour participer au concours photo \u201eRegarder de pr\u00e8s\u201d dois-je \u00eatre impliqu\u00e9 dans le projet&nbsp;?<\/strong><\/strong><br><br>Non, ce n\u2019est pas n\u00e9cessaire. Le concours s\u2019adresse \u00e0 tous les \u00e9tudiants des universit\u00e9s europ\u00e9ennes ainsi qu\u2019aux auditeurs de l\u2019Alliance Fran\u00e7aise.<\/p>\n<\/div>\n<\/div>\n\n\n\n<div class=\"wp-block-columns is-layout-flex wp-container-core-columns-is-layout-9d6595d7 wp-block-columns-is-layout-flex\">\n<div class=\"wp-block-column is-layout-flow wp-block-column-is-layout-flow\" style=\"flex-basis:3%\">\n<figure class=\"wp-block-image size-full is-style-rounded\"><img loading=\"lazy\" decoding=\"async\" width=\"34\" height=\"34\" src=\"https:\/\/flevolution.eu\/cms\/wp-content\/uploads\/2024\/02\/znak_zapytania.jpg\" alt=\"question mark\" class=\"wp-image-258\"\/><\/figure>\n<\/div>\n\n\n\n<div class=\"wp-block-column is-layout-flow wp-block-column-is-layout-flow\" style=\"flex-basis:66.66%\">\n<p><strong><strong><strong>Qu\u2019est-ce que nous, en tant que groupe, devons apporter avec nous \u00e0 Gda\u0144sk ?<\/strong><br><br><\/strong><\/strong>Nous vous prions de pr\u00e9parer une affiche ou un poster avec quelques r\u00e9flexions sur votre exp\u00e9rience dans la pr\u00e9paration des exercices que vous souhaitez partager avec les autres participants du projet.<\/p>\n<\/div>\n<\/div>\n","protected":false},"excerpt":{"rendered":"<p>La foire aux questions (FAQ) 2025 Combien d\u2019\u00e9tudiants engag\u00e9s sont requis dans chaque centre participant pour r\u00e9ussir ce projet ? Il n\u2019y a pas de nombre fixe, n\u2019importe quel nombre de personnes peut \u00eatre impliqu\u00e9 dans le projet, sachant toutefois que le voyage \u00e0 Gda\u0144sk en mai est pr\u00e9vu pour un maximum de trois participants&#8230;<\/p>\n","protected":false},"author":2,"featured_media":0,"parent":0,"menu_order":0,"comment_status":"closed","ping_status":"closed","template":"","meta":{"ngg_post_thumbnail":0,"_kad_post_transparent":"","_kad_post_title":"","_kad_post_layout":"","_kad_post_sidebar_id":"","_kad_post_content_style":"","_kad_post_vertical_padding":"","_kad_post_feature":"","_kad_post_feature_position":"","_kad_post_header":false,"_kad_post_footer":false,"footnotes":""},"class_list":["post-257","page","type-page","status-publish","hentry"],"_links":{"self":[{"href":"https:\/\/flevolution.eu\/cms\/index.php\/wp-json\/wp\/v2\/pages\/257","targetHints":{"allow":["GET"]}}],"collection":[{"href":"https:\/\/flevolution.eu\/cms\/index.php\/wp-json\/wp\/v2\/pages"}],"about":[{"href":"https:\/\/flevolution.eu\/cms\/index.php\/wp-json\/wp\/v2\/types\/page"}],"author":[{"embeddable":true,"href":"https:\/\/flevolution.eu\/cms\/index.php\/wp-json\/wp\/v2\/users\/2"}],"replies":[{"embeddable":true,"href":"https:\/\/flevolution.eu\/cms\/index.php\/wp-json\/wp\/v2\/comments?post=257"}],"version-history":[{"count":13,"href":"https:\/\/flevolution.eu\/cms\/index.php\/wp-json\/wp\/v2\/pages\/257\/revisions"}],"predecessor-version":[{"id":1119,"href":"https:\/\/flevolution.eu\/cms\/index.php\/wp-json\/wp\/v2\/pages\/257\/revisions\/1119"}],"wp:attachment":[{"href":"https:\/\/flevolution.eu\/cms\/index.php\/wp-json\/wp\/v2\/media?parent=257"}],"curies":[{"name":"wp","href":"https:\/\/api.w.org\/{rel}","templated":true}]}}