{"id":690,"date":"2024-09-29T14:06:06","date_gmt":"2024-09-29T12:06:06","guid":{"rendered":"https:\/\/flevolution.eu\/cms\/?page_id=690"},"modified":"2026-03-10T11:28:26","modified_gmt":"2026-03-10T10:28:26","slug":"ressources","status":"publish","type":"page","link":"https:\/\/flevolution.eu\/cms\/index.php\/ressources\/","title":{"rendered":"Ressources"},"content":{"rendered":"\n<h2 class=\"wp-block-heading has-large-font-size\">\u00c9dition 2024<\/h2>\n\n\n\n<div class=\"wp-block-columns is-layout-flex wp-container-core-columns-is-layout-9d6595d7 wp-block-columns-is-layout-flex\">\n<div class=\"wp-block-column is-layout-flow wp-block-column-is-layout-flow\" style=\"flex-basis:66.66%\">\n<p>D\u00e9couvrez nos ressources p\u00e9dagogiques, soigneusement \u00e9labor\u00e9es par des \u00e9tudiants et \u00e9tudiantes engag\u00e9s au cours de la premi\u00e8re \u00e9dition de FLEvolution ! S\u2019inspirant des \u0153uvres de Philippe Claudel, ces ressources offrent quelques opportunit\u00e9s d\u2019apprentissage int\u00e9ressantes (cliquez ici: <a href=\"https:\/\/flevolution.eu\/mdl\/login\/index.php\">Moodle<\/a>).<\/p>\n\n\n\n<p>Sur notre site, vous trouverez \u00e9galement des sc\u00e9narios de le\u00e7ons (<a href=\"https:\/\/flevolution.eu\/cms\/index.php\/fiches-pedagogiques\/\">voir fiches p\u00e9dagogiques<\/a>)<strong>&nbsp;<\/strong>qui vous guideront \u00e0 travers l\u2019univers de Claudel, ainsi que des exercices ouverts con\u00e7us pour stimuler l\u2019interactivit\u00e9 et la participation des \u00e9l\u00e8ves. Ces activit\u00e9s permettent non seulement d\u2019approfondir les th\u00e8mes abord\u00e9s dans ses \u0153uvres, mais aussi de rendre l\u2019apprentissage plus vivant et captivant.<\/p>\n<\/div>\n\n\n\n<div class=\"wp-block-column is-layout-flow wp-block-column-is-layout-flow\" style=\"flex-basis:33.33%\">\n<figure class=\"wp-block-image size-full\"><img loading=\"lazy\" decoding=\"async\" width=\"1772\" height=\"945\" src=\"https:\/\/flevolution.eu\/cms\/wp-content\/uploads\/2025\/03\/Sans-titre.png\" alt=\"\" class=\"wp-image-1084\" srcset=\"https:\/\/flevolution.eu\/cms\/wp-content\/uploads\/2025\/03\/Sans-titre.png 1772w, https:\/\/flevolution.eu\/cms\/wp-content\/uploads\/2025\/03\/Sans-titre-300x160.png 300w, https:\/\/flevolution.eu\/cms\/wp-content\/uploads\/2025\/03\/Sans-titre-1024x546.png 1024w, https:\/\/flevolution.eu\/cms\/wp-content\/uploads\/2025\/03\/Sans-titre-768x410.png 768w, https:\/\/flevolution.eu\/cms\/wp-content\/uploads\/2025\/03\/Sans-titre-1536x819.png 1536w\" sizes=\"auto, (max-width: 1772px) 100vw, 1772px\" \/><\/figure>\n<\/div>\n<\/div>\n\n\n\n<p class=\"has-large-font-size\">t\u00e9l\u00e9chargements :<\/p>\n\n\n\n<p>Mar\u00e9es d&rsquo;ailleurs &#8211; Fiche d&rsquo;exercices (Niveau B2) [<a href=\"https:\/\/flevolution.eu\/cms\/wp-content\/uploads\/2026\/03\/Marees-dailleurs-fiche-dexecices.pdf\">.pdf<\/a>]<\/p>\n\n\n\n<p><\/p>\n","protected":false},"excerpt":{"rendered":"<p>\u00c9dition 2024 D\u00e9couvrez nos ressources p\u00e9dagogiques, soigneusement \u00e9labor\u00e9es par des \u00e9tudiants et \u00e9tudiantes engag\u00e9s au cours de la premi\u00e8re \u00e9dition de FLEvolution ! S\u2019inspirant des \u0153uvres de Philippe Claudel, ces ressources offrent quelques opportunit\u00e9s d\u2019apprentissage int\u00e9ressantes (cliquez ici: Moodle). Sur notre site, vous trouverez \u00e9galement des sc\u00e9narios de le\u00e7ons (voir fiches p\u00e9dagogiques)&nbsp;qui vous guideront \u00e0&#8230;<\/p>\n","protected":false},"author":2,"featured_media":0,"parent":0,"menu_order":0,"comment_status":"closed","ping_status":"closed","template":"","meta":{"ngg_post_thumbnail":0,"_kad_post_transparent":"","_kad_post_title":"","_kad_post_layout":"","_kad_post_sidebar_id":"","_kad_post_content_style":"","_kad_post_vertical_padding":"","_kad_post_feature":"","_kad_post_feature_position":"","_kad_post_header":false,"_kad_post_footer":false,"footnotes":""},"class_list":["post-690","page","type-page","status-publish","hentry"],"_links":{"self":[{"href":"https:\/\/flevolution.eu\/cms\/index.php\/wp-json\/wp\/v2\/pages\/690","targetHints":{"allow":["GET"]}}],"collection":[{"href":"https:\/\/flevolution.eu\/cms\/index.php\/wp-json\/wp\/v2\/pages"}],"about":[{"href":"https:\/\/flevolution.eu\/cms\/index.php\/wp-json\/wp\/v2\/types\/page"}],"author":[{"embeddable":true,"href":"https:\/\/flevolution.eu\/cms\/index.php\/wp-json\/wp\/v2\/users\/2"}],"replies":[{"embeddable":true,"href":"https:\/\/flevolution.eu\/cms\/index.php\/wp-json\/wp\/v2\/comments?post=690"}],"version-history":[{"count":23,"href":"https:\/\/flevolution.eu\/cms\/index.php\/wp-json\/wp\/v2\/pages\/690\/revisions"}],"predecessor-version":[{"id":1365,"href":"https:\/\/flevolution.eu\/cms\/index.php\/wp-json\/wp\/v2\/pages\/690\/revisions\/1365"}],"wp:attachment":[{"href":"https:\/\/flevolution.eu\/cms\/index.php\/wp-json\/wp\/v2\/media?parent=690"}],"curies":[{"name":"wp","href":"https:\/\/api.w.org\/{rel}","templated":true}]}}