{"id":692,"date":"2024-09-29T14:06:41","date_gmt":"2024-09-29T12:06:41","guid":{"rendered":"https:\/\/flevolution.eu\/cms\/?page_id=692"},"modified":"2025-05-20T17:51:46","modified_gmt":"2025-05-20T15:51:46","slug":"formations-en-ligne","status":"publish","type":"page","link":"https:\/\/flevolution.eu\/cms\/index.php\/formations-en-ligne\/","title":{"rendered":"Formation en ligne"},"content":{"rendered":"\n<h3 class=\"wp-block-heading\">Formation en ligne \u2013 \u00e9dition 2025<\/h3>\n\n\n\n<div class=\"wp-block-columns is-layout-flex wp-container-core-columns-is-layout-9d6595d7 wp-block-columns-is-layout-flex\">\n<div class=\"wp-block-column is-layout-flow wp-block-column-is-layout-flow\" style=\"flex-basis:20%\"><\/div>\n\n\n\n<div class=\"wp-block-column is-layout-flow wp-block-column-is-layout-flow\" style=\"flex-basis:60%\"><div class=\"wp-block-image\">\n<figure class=\"aligncenter size-large is-resized\"><img loading=\"lazy\" decoding=\"async\" width=\"1024\" height=\"726\" src=\"https:\/\/flevolution.eu\/cms\/wp-content\/uploads\/2025\/03\/EBINAR-1024x726.png\" alt=\"\" class=\"wp-image-1097\" style=\"width:748px;height:auto\" srcset=\"https:\/\/flevolution.eu\/cms\/wp-content\/uploads\/2025\/03\/EBINAR-1024x726.png 1024w, https:\/\/flevolution.eu\/cms\/wp-content\/uploads\/2025\/03\/EBINAR-300x213.png 300w, https:\/\/flevolution.eu\/cms\/wp-content\/uploads\/2025\/03\/EBINAR-768x545.png 768w, https:\/\/flevolution.eu\/cms\/wp-content\/uploads\/2025\/03\/EBINAR-1536x1090.png 1536w, https:\/\/flevolution.eu\/cms\/wp-content\/uploads\/2025\/03\/EBINAR.png 1748w\" sizes=\"auto, (max-width: 1024px) 100vw, 1024px\" \/><\/figure>\n<\/div><\/div>\n\n\n\n<div class=\"wp-block-column is-layout-flow wp-block-column-is-layout-flow\" style=\"flex-basis:20%\">\n<p class=\"has-large-font-size\">t\u00e9l\u00e9chargements :<\/p>\n\n\n\n<div class=\"wp-block-buttons is-layout-flex wp-block-buttons-is-layout-flex\">\n<div class=\"wp-block-button\"><a class=\"wp-block-button__link wp-element-button\" href=\"https:\/\/flevolution.eu\/cms\/wp-content\/uploads\/2025\/05\/presentation-FLEvolution-2025-1.pdf\">De pr\u00e9sent\u00e9<\/a><\/div>\n<\/div>\n<\/div>\n<\/div>\n\n\n<div class=\"wp-block-image\">\n<figure class=\"aligncenter size-large is-resized\"><img loading=\"lazy\" decoding=\"async\" width=\"1024\" height=\"726\" src=\"https:\/\/flevolution.eu\/cms\/wp-content\/uploads\/2025\/03\/5-mars-2025-1024x726.png\" alt=\"\" class=\"wp-image-1101\" style=\"width:753px;height:auto\" srcset=\"https:\/\/flevolution.eu\/cms\/wp-content\/uploads\/2025\/03\/5-mars-2025-1024x726.png 1024w, https:\/\/flevolution.eu\/cms\/wp-content\/uploads\/2025\/03\/5-mars-2025-300x213.png 300w, https:\/\/flevolution.eu\/cms\/wp-content\/uploads\/2025\/03\/5-mars-2025-768x545.png 768w, https:\/\/flevolution.eu\/cms\/wp-content\/uploads\/2025\/03\/5-mars-2025-1536x1090.png 1536w, https:\/\/flevolution.eu\/cms\/wp-content\/uploads\/2025\/03\/5-mars-2025.png 1748w\" sizes=\"auto, (max-width: 1024px) 100vw, 1024px\" \/><\/figure>\n<\/div>\n\n\n<div class=\"wp-block-columns is-layout-flex wp-container-core-columns-is-layout-9d6595d7 wp-block-columns-is-layout-flex\">\n<div class=\"wp-block-column is-layout-flow wp-block-column-is-layout-flow\" style=\"flex-basis:20%\"><\/div>\n\n\n\n<div class=\"wp-block-column is-layout-flow wp-block-column-is-layout-flow\" style=\"flex-basis:60%\">\n<figure class=\"wp-block-embed is-type-video is-provider-youtube wp-block-embed-youtube wp-embed-aspect-16-9 wp-has-aspect-ratio\"><div class=\"wp-block-embed__wrapper\">\n<iframe loading=\"lazy\" title=\"FLEvolution, Critiquer la litt\u00e9rature, conf\u00e9rence avec Johan Faerber, le 5 mars 2025\" width=\"720\" height=\"405\" src=\"https:\/\/www.youtube.com\/embed\/JXQkZpWY3iY?feature=oembed\" frameborder=\"0\" allow=\"accelerometer; autoplay; clipboard-write; encrypted-media; gyroscope; picture-in-picture; web-share\" referrerpolicy=\"strict-origin-when-cross-origin\" allowfullscreen><\/iframe>\n<\/div><\/figure>\n<\/div>\n\n\n\n<div class=\"wp-block-column is-layout-flow wp-block-column-is-layout-flow\" style=\"flex-basis:20%\"><\/div>\n<\/div>\n\n\n\n<h3 class=\"wp-block-heading has-medium-font-size\">Formation en ligne \u2013 \u00e9dition 2024<\/h3>\n\n\n\n<p><strong>1. le 17 avril 2024, 18h-19h<\/strong><\/p>\n\n\n\n<p>Les enjeux de la litt\u00e9rature fran\u00e7aise contemporaine<\/p>\n\n\n\n<div class=\"wp-block-columns is-layout-flex wp-container-core-columns-is-layout-9d6595d7 wp-block-columns-is-layout-flex\">\n<div class=\"wp-block-column is-layout-flow wp-block-column-is-layout-flow\" style=\"flex-basis:33%\">\n<figure class=\"wp-block-image size-full is-style-rounded\"><img loading=\"lazy\" decoding=\"async\" width=\"408\" height=\"408\" src=\"https:\/\/flevolution.eu\/cms\/wp-content\/uploads\/2024\/03\/prowadzacy03_02.jpg\" alt=\"Laurent Demanze\" class=\"wp-image-488\" srcset=\"https:\/\/flevolution.eu\/cms\/wp-content\/uploads\/2024\/03\/prowadzacy03_02.jpg 408w, https:\/\/flevolution.eu\/cms\/wp-content\/uploads\/2024\/03\/prowadzacy03_02-300x300.jpg 300w, https:\/\/flevolution.eu\/cms\/wp-content\/uploads\/2024\/03\/prowadzacy03_02-150x150.jpg 150w\" sizes=\"auto, (max-width: 408px) 100vw, 408px\" \/><\/figure>\n<\/div>\n\n\n\n<div class=\"wp-block-column is-layout-flow wp-block-column-is-layout-flow\" style=\"flex-basis:50%\">\n<p>Laurent Demanze est professeur des universit\u00e9s \u00e0 l\u2019Universit\u00e9 Grenoble Alpes, apr\u00e8s avoir enseign\u00e9 \u00e0 l\u2019ENS de Lyon. Il anime le centre de recherche ECRIRE. Il a publi\u00e9 des articles dans Critique, Litt\u00e9rature, \u00c9tudes fran\u00e7aises, French forum, Contextes entre autres. Il est notamment l\u2019auteur de cinq essais parus chez Jos\u00e9 Corti : Encres orphelines (2008), G\u00e9rard Mac\u00e9, l\u2019invention de la m\u00e9moire (2009), Les Fictions encyclop\u00e9diques (2015), Un nouvel \u00e2ge de l\u2019enqu\u00eate (2019), le dernier essai paru en 2021s\u2019intitule : Pierre Michon, l\u2019envers de l\u2019histoire. Il participe r\u00e9guli\u00e8rement \u00e0 la revue en ligne AOC.<\/p>\n\n\n\n<figure class=\"wp-block-audio\"><audio controls src=\"https:\/\/flevolution.eu\/cms\/wp-content\/uploads\/2024\/07\/AUDIO_Les-enjeux-de-la-litterature-francaise-contemporaine-Laurent-Demanze-20240417_170455-Meeting-Recording_1.mp3\"><\/audio><\/figure>\n<\/div>\n\n\n\n<div class=\"wp-block-column is-layout-flow wp-block-column-is-layout-flow\" style=\"flex-basis:17%\">\n<p class=\"has-text-align-center has-large-font-size\">t\u00e9l\u00e9chargements :<\/p>\n\n\n\n<div class=\"wp-block-buttons is-content-justification-center is-layout-flex wp-container-core-buttons-is-layout-16018d1d wp-block-buttons-is-layout-flex\">\n<div class=\"wp-block-button\"><a class=\"wp-block-button__link wp-element-button\" href=\"https:\/\/flevolution.eu\/cms\/wp-content\/uploads\/2025\/03\/Demanze-enjeux.pdf\">Demanze enjeux<\/a><\/div>\n<\/div>\n<\/div>\n<\/div>\n\n\n\n<hr class=\"wp-block-separator has-alpha-channel-opacity\"\/>\n\n\n\n<p><strong>2. le 21 mars 2024, 18h-19h<\/strong><\/p>\n\n\n\n<p>FLE et la litt\u00e9rature<\/p>\n\n\n\n<div class=\"wp-block-columns is-layout-flex wp-container-core-columns-is-layout-9d6595d7 wp-block-columns-is-layout-flex\">\n<div class=\"wp-block-column is-layout-flow wp-block-column-is-layout-flow\" style=\"flex-basis:33.33%\">\n<figure class=\"wp-block-image size-full is-style-rounded\"><img loading=\"lazy\" decoding=\"async\" width=\"408\" height=\"408\" src=\"https:\/\/flevolution.eu\/cms\/wp-content\/uploads\/2024\/03\/prowadzacy02_01.jpg\" alt=\"Anna Dubois\" class=\"wp-image-486\" srcset=\"https:\/\/flevolution.eu\/cms\/wp-content\/uploads\/2024\/03\/prowadzacy02_01.jpg 408w, https:\/\/flevolution.eu\/cms\/wp-content\/uploads\/2024\/03\/prowadzacy02_01-300x300.jpg 300w, https:\/\/flevolution.eu\/cms\/wp-content\/uploads\/2024\/03\/prowadzacy02_01-150x150.jpg 150w\" sizes=\"auto, (max-width: 408px) 100vw, 408px\" \/><\/figure>\n<\/div>\n\n\n\n<div class=\"wp-block-column is-layout-flow wp-block-column-is-layout-flow\" style=\"flex-basis:66.66%\">\n<p>Anna Dubois est une passionn\u00e9e des langues romanes ainsi que de la langue polonaise, docteure en sciences humaines dans le domaine de la litt\u00e9rature fran\u00e7aise. Enseignante de FLE de longue date (\u00e0 l\u2019Universit\u00e9 de Varsovie, \u00e0 l\u2019Universit\u00e9 de \u0141\u00f3d\u017a et dans le secondaire).Depuis plusieurs ann\u00e9es elle collabore avec la Facult\u00e9 des Artes Liberales de l&rsquo;Universit\u00e9 de Varsovie, o\u00f9 elle donne des cours et anime des s\u00e9minaires consacr\u00e9s \u00e0 la prose autobiographique francophone et \u00e0 la narration. Elle co-g\u00e8re \u00e9galement l&rsquo;un des lyc\u00e9es priv\u00e9s de Varsovie.<\/p>\n<\/div>\n<\/div>\n\n\n\n<div class=\"wp-block-columns alignwide is-layout-flex wp-container-core-columns-is-layout-9d6595d7 wp-block-columns-is-layout-flex\">\n<div class=\"wp-block-column is-vertically-aligned-center is-layout-flow wp-block-column-is-layout-flow\" style=\"flex-basis:33.34%\"><\/div>\n\n\n\n<div class=\"wp-block-column is-layout-flow wp-block-column-is-layout-flow\" style=\"flex-basis:60%\">\n<figure class=\"wp-block-embed is-type-video is-provider-youtube wp-block-embed-youtube wp-embed-aspect-16-9 wp-has-aspect-ratio\"><div class=\"wp-block-embed__wrapper\">\n<iframe loading=\"lazy\" title=\"FLE et la litt\u00e9rature, Anna Dubois, le 21 mars 2024\" width=\"720\" height=\"405\" src=\"https:\/\/www.youtube.com\/embed\/duSChf1oDtI?feature=oembed\" frameborder=\"0\" allow=\"accelerometer; autoplay; clipboard-write; encrypted-media; gyroscope; picture-in-picture; web-share\" referrerpolicy=\"strict-origin-when-cross-origin\" allowfullscreen><\/iframe>\n<\/div><\/figure>\n<\/div>\n\n\n\n<div class=\"wp-block-column is-layout-flow wp-block-column-is-layout-flow\" style=\"flex-basis:33.33%\">\n<p class=\"has-large-font-size\">t\u00e9l\u00e9chargements :<\/p>\n\n\n\n<div class=\"wp-block-buttons is-layout-flex wp-block-buttons-is-layout-flex\">\n<div class=\"wp-block-button\"><a class=\"wp-block-button__link wp-element-button\" href=\"https:\/\/flevolution.eu\/cms\/wp-content\/uploads\/2024\/03\/Annie-Ernaux-Le-jeune-homme.pdf\">Annie Ernaux, Le jeune homme<\/a><\/div>\n<\/div>\n\n\n\n<div class=\"wp-block-buttons is-layout-flex wp-block-buttons-is-layout-flex\">\n<div class=\"wp-block-button\"><a class=\"wp-block-button__link wp-element-button\" href=\"https:\/\/flevolution.eu\/cms\/wp-content\/uploads\/2024\/03\/geometrie-de-lamour.pdf\">Geometrie de l&rsquo;amour<\/a><\/div>\n<\/div>\n\n\n\n<div class=\"wp-block-buttons is-layout-flex wp-block-buttons-is-layout-flex\">\n<div class=\"wp-block-button\"><a class=\"wp-block-button__link wp-element-button\" href=\"https:\/\/flevolution.eu\/cms\/wp-content\/uploads\/2024\/03\/inventaire-parental.pdf\">Inventaire parental<\/a><\/div>\n<\/div>\n\n\n\n<div class=\"wp-block-buttons is-layout-flex wp-block-buttons-is-layout-flex\">\n<div class=\"wp-block-button\"><a class=\"wp-block-button__link wp-element-button\" href=\"https:\/\/flevolution.eu\/cms\/wp-content\/uploads\/2024\/03\/La-promesse-de-laube-Gary-fragment.pdf\">La promesse de l&rsquo;aube Gary fragment<\/a><\/div>\n<\/div>\n\n\n\n<div class=\"wp-block-buttons is-layout-flex wp-block-buttons-is-layout-flex\">\n<div class=\"wp-block-button\"><a class=\"wp-block-button__link wp-element-button\" href=\"https:\/\/flevolution.eu\/cms\/wp-content\/uploads\/2024\/03\/Les-illusions-perdues-la-modernisation-du-texte.pdf\">Les illusions perdues &#8211; la modernisation du texte<\/a><\/div>\n<\/div>\n\n\n\n<div class=\"wp-block-buttons is-layout-flex wp-block-buttons-is-layout-flex\">\n<div class=\"wp-block-button\"><a class=\"wp-block-button__link wp-element-button\" href=\"https:\/\/flevolution.eu\/cms\/wp-content\/uploads\/2024\/03\/Poeme-1.pdf\">Poeme 1<\/a><\/div>\n\n\n\n<div class=\"wp-block-button\"><a class=\"wp-block-button__link wp-element-button\" href=\"https:\/\/flevolution.eu\/cms\/wp-content\/uploads\/2024\/03\/poeme-2.pdf\">Poeme 2<\/a><\/div>\n<\/div>\n<\/div>\n<\/div>\n\n\n\n<hr class=\"wp-block-separator has-alpha-channel-opacity\"\/>\n\n\n\n<p><\/p>\n\n\n\n<p><\/p>\n\n\n\n<p><strong>3.le 10 janvier 2024, 18h-19h<\/strong><\/p>\n\n\n\n<p>Introduction au projet \/ Atelier \u00ab bo\u00eete \u00e0 outils \u00bb<a href=\"https:\/\/teams.microsoft.com\/l\/meetup-join\/19%3a9IBnMBvglCpmR9iBpCvpaZP7pmFHqBMlJXqliIo9E5k1%40thread.tacv2\/1703159220159?context=%7b%22Tid%22%3a%22b2b950ec-1ee3-4d9d-ac5e-4dd9db5e0b73%22%2c%22Oid%22%3a%2227b4b33e-7e2e-4302-be90-85418f643777%22%7d\">https:\/\/teams.microsoft.com\/l\/meetup-join\/19%3a9IBnMBvglCpmR9iBpCvpaZP7pmFHqBMlJXqliIo9E5k1%40thread.tacv2\/1703159220159?context=%7b%22Tid%22%3a%22b2b950ec-1ee3-4d9d-ac5e-4dd9db5e0b73%22%2c%22Oid%22%3a%2227b4b33e-7e2e-4302-be90-85418f643777%22%7d<\/a><\/p>\n\n\n\n<div class=\"wp-block-columns is-layout-flex wp-container-core-columns-is-layout-9d6595d7 wp-block-columns-is-layout-flex\">\n<div class=\"wp-block-column is-layout-flow wp-block-column-is-layout-flow\" style=\"flex-basis:33.33%\">\n<figure class=\"wp-block-image size-full is-style-rounded\"><img loading=\"lazy\" decoding=\"async\" width=\"408\" height=\"408\" src=\"https:\/\/flevolution.eu\/cms\/wp-content\/uploads\/2024\/03\/prowadzacy01_01.jpg\" alt=\"Katarzyna Kotowska\" class=\"wp-image-481\" srcset=\"https:\/\/flevolution.eu\/cms\/wp-content\/uploads\/2024\/03\/prowadzacy01_01.jpg 408w, https:\/\/flevolution.eu\/cms\/wp-content\/uploads\/2024\/03\/prowadzacy01_01-300x300.jpg 300w, https:\/\/flevolution.eu\/cms\/wp-content\/uploads\/2024\/03\/prowadzacy01_01-150x150.jpg 150w\" sizes=\"auto, (max-width: 408px) 100vw, 408px\" \/><\/figure>\n<\/div>\n\n\n\n<div class=\"wp-block-column is-layout-flow wp-block-column-is-layout-flow\" style=\"flex-basis:66.66%\">\n<p>Katarzyna Kotowska, est enseignante-chercheuse \u00e0 l&rsquo;Universit\u00e9 de Gda\u0144sk, sp\u00e9cialis\u00e9e en litt\u00e9rature fran\u00e7aise contemporaine, initiatrice du projet Atelier litt\u00e9raire. Gda\u0144sk. Elle est \u00e9galement directrice et coordinatrice principale du projet FLEvolution.<\/p>\n<\/div>\n<\/div>\n\n\n\n<div class=\"wp-block-columns is-layout-flex wp-container-core-columns-is-layout-9d6595d7 wp-block-columns-is-layout-flex\">\n<div class=\"wp-block-column is-layout-flow wp-block-column-is-layout-flow\" style=\"flex-basis:20%\"><\/div>\n\n\n\n<div class=\"wp-block-column is-layout-flow wp-block-column-is-layout-flow\" style=\"flex-basis:60%\">\n<figure class=\"wp-block-embed is-type-video is-provider-youtube wp-block-embed-youtube wp-embed-aspect-16-9 wp-has-aspect-ratio\"><div class=\"wp-block-embed__wrapper\">\n<iframe loading=\"lazy\" title=\"Introduction au projet FLEvolution.eu\" width=\"720\" height=\"405\" src=\"https:\/\/www.youtube.com\/embed\/orr3qgbPeFk?feature=oembed\" frameborder=\"0\" allow=\"accelerometer; autoplay; clipboard-write; encrypted-media; gyroscope; picture-in-picture; web-share\" referrerpolicy=\"strict-origin-when-cross-origin\" allowfullscreen><\/iframe>\n<\/div><\/figure>\n<\/div>\n\n\n\n<div class=\"wp-block-column is-layout-flow wp-block-column-is-layout-flow\" style=\"flex-basis:20%\"><\/div>\n<\/div>\n\n\n\n<h4 class=\"wp-block-heading\">Introduction au projet<\/h4>\n\n\n\n<div class=\"wp-block-columns is-layout-flex wp-container-core-columns-is-layout-9d6595d7 wp-block-columns-is-layout-flex\">\n<div class=\"wp-block-column is-layout-flow wp-block-column-is-layout-flow\" style=\"flex-basis:66.66%\">\n<figure class=\"wp-block-image size-full\"><img loading=\"lazy\" decoding=\"async\" width=\"853\" height=\"658\" src=\"https:\/\/flevolution.eu\/cms\/wp-content\/uploads\/2024\/02\/introduction.jpg\" alt=\"introduction\" class=\"wp-image-193\" srcset=\"https:\/\/flevolution.eu\/cms\/wp-content\/uploads\/2024\/02\/introduction.jpg 853w, https:\/\/flevolution.eu\/cms\/wp-content\/uploads\/2024\/02\/introduction-300x231.jpg 300w, https:\/\/flevolution.eu\/cms\/wp-content\/uploads\/2024\/02\/introduction-768x592.jpg 768w\" sizes=\"auto, (max-width: 853px) 100vw, 853px\" \/><\/figure>\n<\/div>\n\n\n\n<div class=\"wp-block-column is-vertically-aligned-center is-layout-flow wp-block-column-is-layout-flow\" style=\"flex-basis:33.33%\">\n<p class=\"has-large-font-size\">t\u00e9l\u00e9chargements :<\/p>\n\n\n\n<div class=\"wp-block-buttons is-layout-flex wp-block-buttons-is-layout-flex\">\n<div class=\"wp-block-button\"><a class=\"wp-block-button__link wp-element-button\" href=\"https:\/\/flevolution.eu\/cms\/wp-content\/uploads\/2024\/02\/prezentacja02.pdf\">Introduction au projet<\/a><\/div>\n<\/div>\n<\/div>\n<\/div>\n\n\n\n<p><\/p>\n","protected":false},"excerpt":{"rendered":"<p>Formation en ligne \u2013 \u00e9dition 2025 t\u00e9l\u00e9chargements : Formation en ligne \u2013 \u00e9dition 2024 1. le 17 avril 2024, 18h-19h Les enjeux de la litt\u00e9rature fran\u00e7aise contemporaine Laurent Demanze est professeur des universit\u00e9s \u00e0 l\u2019Universit\u00e9 Grenoble Alpes, apr\u00e8s avoir enseign\u00e9 \u00e0 l\u2019ENS de Lyon. Il anime le centre de recherche ECRIRE. Il a publi\u00e9 des&#8230;<\/p>\n","protected":false},"author":2,"featured_media":0,"parent":0,"menu_order":0,"comment_status":"closed","ping_status":"closed","template":"","meta":{"ngg_post_thumbnail":0,"_kad_post_transparent":"","_kad_post_title":"","_kad_post_layout":"","_kad_post_sidebar_id":"","_kad_post_content_style":"","_kad_post_vertical_padding":"","_kad_post_feature":"","_kad_post_feature_position":"","_kad_post_header":false,"_kad_post_footer":false,"footnotes":""},"class_list":["post-692","page","type-page","status-publish","hentry"],"_links":{"self":[{"href":"https:\/\/flevolution.eu\/cms\/index.php\/wp-json\/wp\/v2\/pages\/692","targetHints":{"allow":["GET"]}}],"collection":[{"href":"https:\/\/flevolution.eu\/cms\/index.php\/wp-json\/wp\/v2\/pages"}],"about":[{"href":"https:\/\/flevolution.eu\/cms\/index.php\/wp-json\/wp\/v2\/types\/page"}],"author":[{"embeddable":true,"href":"https:\/\/flevolution.eu\/cms\/index.php\/wp-json\/wp\/v2\/users\/2"}],"replies":[{"embeddable":true,"href":"https:\/\/flevolution.eu\/cms\/index.php\/wp-json\/wp\/v2\/comments?post=692"}],"version-history":[{"count":21,"href":"https:\/\/flevolution.eu\/cms\/index.php\/wp-json\/wp\/v2\/pages\/692\/revisions"}],"predecessor-version":[{"id":1202,"href":"https:\/\/flevolution.eu\/cms\/index.php\/wp-json\/wp\/v2\/pages\/692\/revisions\/1202"}],"wp:attachment":[{"href":"https:\/\/flevolution.eu\/cms\/index.php\/wp-json\/wp\/v2\/media?parent=692"}],"curies":[{"name":"wp","href":"https:\/\/api.w.org\/{rel}","templated":true}]}}