{"id":72,"date":"2024-02-04T15:53:12","date_gmt":"2024-02-04T14:53:12","guid":{"rendered":"https:\/\/flevolution.eu\/cms\/?page_id=72"},"modified":"2025-03-02T18:00:33","modified_gmt":"2025-03-02T17:00:33","slug":"informations-pour-les-participants","status":"publish","type":"page","link":"https:\/\/flevolution.eu\/cms\/index.php\/informations-pour-les-participants\/","title":{"rendered":"Informations pour les participants"},"content":{"rendered":"\n<h2 class=\"wp-block-heading\">Calendier <strong>2024\/2025<\/strong><\/h2>\n\n\n\n<div class=\"wp-block-columns is-layout-flex wp-container-core-columns-is-layout-9d6595d7 wp-block-columns-is-layout-flex\">\n<div class=\"wp-block-column is-layout-flow wp-block-column-is-layout-flow\" style=\"flex-basis:66.66%\">\n<ul class=\"wp-block-list\">\n<li><strong>novembre \u2013 d\u00e9cembre 2024 \u2013&nbsp;<\/strong>envoi des livres de Brigitte Giraud dans les universit\u00e9s<\/li>\n\n\n\n<li><strong>du 15 novembre au 15 mars \u2013&nbsp;<\/strong>concours de photographie <em>Explorer son quartier<\/em><\/li>\n\n\n\n<li><strong>le 25 avril <\/strong>\u2013 annonce des 25 finalistes du concours photo<\/li>\n\n\n\n<li><strong>du 25 avril au 15 juin 2025 <\/strong>\u2013 exposition des photo \u00e0 l\u2019Universit\u00e9 de Gda\u0144sk<\/li>\n\n\n\n<li><strong>mars-avril&nbsp; 2024 \u2013 <\/strong>formations en ligne<\/li>\n\n\n\n<li><strong>d\u00e9cembre 2024 &#8211; mai 2025<\/strong>\u2013 \u00e9laborations individuelles des dossiers des unit\u00e9s didactiques et des posters<\/li>\n\n\n\n<li><strong>le 20 mai 2025<\/strong>\u2013 date limite de l\u2019envoi des exercices (\u00e0 l\u2019adresse <a href=\"mailto:FLEvolution@ug.edu.pl\">FLEvolution@ug.edu.pl<\/a>)<\/li>\n\n\n\n<li><strong>du 21 au 23 mai 20245<\/strong>\u2013 rencontre \u00e0 Gda\u0144sk avec Brigitte Giraud (Atelier litt\u00e9raire.Gda\u0144sk)<\/li>\n\n\n\n<li><strong>octobre 2025&nbsp;<\/strong>\u2013la mise en ligne des exercises sur <a href=\"http:\/\/www.FLEvolution.eu\">www.FLEvolution.eu<\/a>&nbsp;<\/li>\n<\/ul>\n\n\n\n<p>Vous trouverez ci-dessous des mod\u00e8les pour diff\u00e9rents types d\u2019exercices Moodle \u00e0 utiliser. Vous pouvez choisir un ou plusieurs types de t\u00e2ches pour un extrait de texte s\u00e9lectionn\u00e9 par votre groupe. Sur la plateforme Moodle, il est possible d\u2019inclure des fichiers audio et vid\u00e9o.<\/p>\n\n\n\n<p>Si vous avez une id\u00e9e d\u2019exercice en dehors de ceux propos\u00e9s, n\u2019h\u00e9sitez pas \u00e0 nous contacter \u00e0 l\u2019adresse <a href=\"mailto:FLEvolution@ug.edu.pl\">FLEvolution@ug.edu.pl<\/a> ou <a href=\"mailto:contact@flevolution.eu\">contact@flevolution.eu<\/a> pour discuter des possibilit\u00e9s techniques.<\/p>\n<\/div>\n\n\n\n<div class=\"wp-block-column is-layout-flow wp-block-column-is-layout-flow\" style=\"flex-basis:33.33%\">\n<figure class=\"wp-block-image size-full is-resized\"><img loading=\"lazy\" decoding=\"async\" width=\"1024\" height=\"768\" src=\"https:\/\/flevolution.eu\/cms\/wp-content\/uploads\/2024\/11\/ImageCalendier5.jpg\" alt=\"flevolution book \" class=\"wp-image-829\" style=\"width:522px;height:auto\" srcset=\"https:\/\/flevolution.eu\/cms\/wp-content\/uploads\/2024\/11\/ImageCalendier5.jpg 1024w, https:\/\/flevolution.eu\/cms\/wp-content\/uploads\/2024\/11\/ImageCalendier5-300x225.jpg 300w, https:\/\/flevolution.eu\/cms\/wp-content\/uploads\/2024\/11\/ImageCalendier5-768x576.jpg 768w\" sizes=\"auto, (max-width: 1024px) 100vw, 1024px\" \/><\/figure>\n<\/div>\n<\/div>\n\n\n\n<p>Remarque : Pour chaque illustration, veuillez la rechercher sur le site <a href=\"http:\/\/www.canva.com\">www.canva.com<\/a> et pr\u00e9ciser la source. Pensez \u00e9galement \u00e0 ajouter un texte alternatif pour les lecteurs malvoyants, d\u2019un maximum de 250 signes, espaces compris.<\/p>\n\n\n\n<p><\/p>\n\n\n<div class=\"wp-block-image\">\n<figure class=\"aligncenter size-full is-resized\"><img loading=\"lazy\" decoding=\"async\" width=\"1024\" height=\"768\" src=\"https:\/\/flevolution.eu\/cms\/wp-content\/uploads\/2024\/11\/ImageCalendier3_1.jpg\" alt=\"flevolution\" class=\"wp-image-831\" style=\"width:613px;height:auto\" srcset=\"https:\/\/flevolution.eu\/cms\/wp-content\/uploads\/2024\/11\/ImageCalendier3_1.jpg 1024w, https:\/\/flevolution.eu\/cms\/wp-content\/uploads\/2024\/11\/ImageCalendier3_1-300x225.jpg 300w, https:\/\/flevolution.eu\/cms\/wp-content\/uploads\/2024\/11\/ImageCalendier3_1-768x576.jpg 768w\" sizes=\"auto, (max-width: 1024px) 100vw, 1024px\" \/><\/figure>\n<\/div>\n\n\n<p><\/p>\n\n\n\n<hr class=\"wp-block-separator has-alpha-channel-opacity is-style-wide\"\/>\n\n\n\n<div class=\"wp-block-columns is-layout-flex wp-container-core-columns-is-layout-9d6595d7 wp-block-columns-is-layout-flex\">\n<div class=\"wp-block-column is-layout-flow wp-block-column-is-layout-flow\" style=\"flex-basis:66.66%\">\n<h2 class=\"wp-block-heading\">Calendier 2024<\/h2>\n\n\n\n<ul class=\"wp-block-list\">\n<li><strong>f\u00e9vrier 2024 &#8211;<\/strong><strong>&nbsp;<\/strong>envoi des livres de Philippe Claudel dans les universit\u00e9s<\/li>\n\n\n\n<li><strong>jusqu\u2019au<\/strong><strong> 23 janvier 2024 &#8211;<\/strong><strong>&nbsp;<\/strong>concours de photographie <em>Regarder de pr\u00e8s<\/em><\/li>\n\n\n\n<li><strong>le 4 mars 2024<\/strong> \u2013 annonce des 25 finalistes du concours<\/li>\n\n\n\n<li><strong>mars-avril&nbsp; 2024 &#8211; <\/strong>formations en ligne<ul><li><strong>le 21 mars 2024<\/strong><strong>, 18h&nbsp;; <\/strong><strong>FLE et la litt\u00e9ratu<\/strong><strong>re; <\/strong>Anna Dubois<\/li><\/ul>\n<ul class=\"wp-block-list\">\n<li><strong>le 17 avril<\/strong><strong> 2024&nbsp;; 18h &nbsp;<\/strong><strong>; <\/strong><strong>Les enjeux de la litt\u00e9rature fran\u00e7aise contemporaine<\/strong><strong>, <\/strong>Laurent Demanze<\/li>\n<\/ul>\n<\/li>\n\n\n\n<li><strong>f\u00e9vrier-mai 2024<\/strong><strong>&nbsp;<\/strong>&#8211; \u00e9laborations individuelles des dossiers des unit\u00e9s didactiques et des posters<\/li>\n\n\n\n<li><strong>le 7 mai 2024&nbsp;<\/strong>&#8211; date limite de l\u2019envoi des exercices (\u00e0 l\u2019adresse <a href=\"mailto:FLEvolution@ug.edu.pl\">FLEvolution@ug.edu.pl<\/a>)<\/li>\n\n\n\n<li><strong>le 9 et le10 mai 2024&nbsp;<\/strong>&#8211; rencontre \u00e0 Gda\u0144sk avec Philippe Claudel (Atelier litt\u00e9raire.Gda\u0144sk)<\/li>\n\n\n\n<li><strong>novembre 2024<\/strong><strong>&nbsp;<\/strong>&#8211; inauguration d\u2019une platforme \u00e9ducative<\/li>\n<\/ul>\n<\/div>\n\n\n\n<div class=\"wp-block-column is-layout-flow wp-block-column-is-layout-flow\" style=\"flex-basis:33.33%\">\n<figure class=\"wp-block-image size-full\"><img loading=\"lazy\" decoding=\"async\" width=\"568\" height=\"376\" src=\"https:\/\/flevolution.eu\/cms\/wp-content\/uploads\/2024\/03\/calendar.jpg\" alt=\"calendar\" class=\"wp-image-457\" srcset=\"https:\/\/flevolution.eu\/cms\/wp-content\/uploads\/2024\/03\/calendar.jpg 568w, https:\/\/flevolution.eu\/cms\/wp-content\/uploads\/2024\/03\/calendar-300x199.jpg 300w\" sizes=\"auto, (max-width: 568px) 100vw, 568px\" \/><\/figure>\n<\/div>\n<\/div>\n\n\n<div class=\"wp-block-image\">\n<figure class=\"aligncenter size-large\"><img loading=\"lazy\" decoding=\"async\" width=\"1024\" height=\"819\" src=\"https:\/\/flevolution.eu\/cms\/wp-content\/uploads\/2024\/11\/Design-sans-titre-1024x819.png\" alt=\"groupe de personnes\" class=\"wp-image-730\" srcset=\"https:\/\/flevolution.eu\/cms\/wp-content\/uploads\/2024\/11\/Design-sans-titre-1024x819.png 1024w, https:\/\/flevolution.eu\/cms\/wp-content\/uploads\/2024\/11\/Design-sans-titre-300x240.png 300w, https:\/\/flevolution.eu\/cms\/wp-content\/uploads\/2024\/11\/Design-sans-titre-768x614.png 768w, https:\/\/flevolution.eu\/cms\/wp-content\/uploads\/2024\/11\/Design-sans-titre-1536x1229.png 1536w, https:\/\/flevolution.eu\/cms\/wp-content\/uploads\/2024\/11\/Design-sans-titre.png 2000w\" sizes=\"auto, (max-width: 1024px) 100vw, 1024px\" \/><\/figure>\n<\/div>\n\n\n<p>Vous trouverez ci-dessous des mod\u00e8les pour divers types d&rsquo;exercices Moodle \u00e0 utiliser. Vous pouvez choisir un ou plusieurs types de t\u00e2ches pour un fragment de texte choisi par votre groupe. Sur la plateforme Moodle, il est possible d&rsquo;inclure des fichiers audios et vid\u00e9os.<br><br>Si vous avez une id\u00e9e d&rsquo;exercice en dehors de celles propos\u00e9es, veuillez nous contacter \u00e0 l&rsquo;adresse <strong>FLEvolution@ug.edu.pl<\/strong> ou <strong>contact@flevolution.eu<\/strong> pour discuter des possibilit\u00e9s techniques.<br><br>Remarque : Pour chaque illustration, veuillez saisir une br\u00e8ve description nous permettant de trouver l&rsquo;image correspondante dans notre banque d&rsquo;images. Sinon, veuillez la rechercher sur le site <a href=\"https:\/\/canva.com\">www.canva.com<\/a><\/p>\n\n\n\n<div class=\"wp-block-columns is-layout-flex wp-container-core-columns-is-layout-9d6595d7 wp-block-columns-is-layout-flex\">\n<div class=\"wp-block-column is-layout-flow wp-block-column-is-layout-flow\"><div class=\"wp-block-image is-style-rounded\">\n<figure class=\"alignright size-full\"><img loading=\"lazy\" decoding=\"async\" width=\"171\" height=\"169\" src=\"https:\/\/flevolution.eu\/cms\/wp-content\/uploads\/2024\/02\/moodle_logo1.jpg\" alt=\"moodle logo\" class=\"wp-image-277\"\/><\/figure>\n<\/div><\/div>\n\n\n\n<div class=\"wp-block-column is-layout-flow wp-block-column-is-layout-flow\">\n<figure class=\"wp-block-image size-full is-style-rounded\"><img loading=\"lazy\" decoding=\"async\" width=\"189\" height=\"191\" src=\"https:\/\/flevolution.eu\/cms\/wp-content\/uploads\/2024\/02\/canva_logo1.jpg\" alt=\"canva logo\" class=\"wp-image-276\"\/><\/figure>\n<\/div>\n<\/div>\n\n\n\n<div class=\"wp-block-columns is-layout-flex wp-container-core-columns-is-layout-9d6595d7 wp-block-columns-is-layout-flex\">\n<div class=\"wp-block-column is-layout-flow wp-block-column-is-layout-flow\" style=\"flex-basis:20%\">\n<p class=\"wp-embed-aspect-16-9 wp-has-aspect-ratio\"><\/p>\n<\/div>\n\n\n\n<div class=\"wp-block-column is-layout-flow wp-block-column-is-layout-flow\" style=\"flex-basis:60%\">\n<figure class=\"wp-block-embed is-type-video is-provider-youtube wp-block-embed-youtube wp-embed-aspect-16-9 wp-has-aspect-ratio\"><div class=\"wp-block-embed__wrapper\">\n<iframe loading=\"lazy\" title=\"Projet FLEvoution.eu\" width=\"720\" height=\"405\" src=\"https:\/\/www.youtube.com\/embed\/op6M2oA0jLw?start=1&#038;feature=oembed\" frameborder=\"0\" allow=\"accelerometer; autoplay; clipboard-write; encrypted-media; gyroscope; picture-in-picture; web-share\" referrerpolicy=\"strict-origin-when-cross-origin\" allowfullscreen><\/iframe>\n<\/div><\/figure>\n<\/div>\n\n\n\n<div class=\"wp-block-column is-layout-flow wp-block-column-is-layout-flow\" style=\"flex-basis:20%\"><\/div>\n<\/div>\n\n\n\n<p><\/p>\n\n\n\n<p><\/p>\n","protected":false},"excerpt":{"rendered":"<p>Calendier 2024\/2025 Vous trouverez ci-dessous des mod\u00e8les pour diff\u00e9rents types d\u2019exercices Moodle \u00e0 utiliser. Vous pouvez choisir un ou plusieurs types de t\u00e2ches pour un extrait de texte s\u00e9lectionn\u00e9 par votre groupe. Sur la plateforme Moodle, il est possible d\u2019inclure des fichiers audio et vid\u00e9o. Si vous avez une id\u00e9e d\u2019exercice en dehors de ceux&#8230;<\/p>\n","protected":false},"author":2,"featured_media":0,"parent":0,"menu_order":0,"comment_status":"closed","ping_status":"closed","template":"","meta":{"ngg_post_thumbnail":0,"_kad_post_transparent":"","_kad_post_title":"","_kad_post_layout":"","_kad_post_sidebar_id":"","_kad_post_content_style":"","_kad_post_vertical_padding":"","_kad_post_feature":"","_kad_post_feature_position":"","_kad_post_header":false,"_kad_post_footer":false,"footnotes":""},"class_list":["post-72","page","type-page","status-publish","hentry"],"_links":{"self":[{"href":"https:\/\/flevolution.eu\/cms\/index.php\/wp-json\/wp\/v2\/pages\/72","targetHints":{"allow":["GET"]}}],"collection":[{"href":"https:\/\/flevolution.eu\/cms\/index.php\/wp-json\/wp\/v2\/pages"}],"about":[{"href":"https:\/\/flevolution.eu\/cms\/index.php\/wp-json\/wp\/v2\/types\/page"}],"author":[{"embeddable":true,"href":"https:\/\/flevolution.eu\/cms\/index.php\/wp-json\/wp\/v2\/users\/2"}],"replies":[{"embeddable":true,"href":"https:\/\/flevolution.eu\/cms\/index.php\/wp-json\/wp\/v2\/comments?post=72"}],"version-history":[{"count":22,"href":"https:\/\/flevolution.eu\/cms\/index.php\/wp-json\/wp\/v2\/pages\/72\/revisions"}],"predecessor-version":[{"id":1104,"href":"https:\/\/flevolution.eu\/cms\/index.php\/wp-json\/wp\/v2\/pages\/72\/revisions\/1104"}],"wp:attachment":[{"href":"https:\/\/flevolution.eu\/cms\/index.php\/wp-json\/wp\/v2\/media?parent=72"}],"curies":[{"name":"wp","href":"https:\/\/api.w.org\/{rel}","templated":true}]}}