{"id":743,"date":"2024-11-11T21:43:23","date_gmt":"2024-11-11T20:43:23","guid":{"rendered":"https:\/\/flevolution.eu\/cms\/?page_id=743"},"modified":"2024-11-11T21:43:23","modified_gmt":"2024-11-11T20:43:23","slug":"les-informations","status":"publish","type":"page","link":"https:\/\/flevolution.eu\/cms\/index.php\/les-informations\/","title":{"rendered":"les informations"},"content":{"rendered":"\n<p>Cofinanc\u00e9 par des fonds de l&rsquo;UE. Les opinions et points de vue exprim\u00e9s sont uniquement ceux de l&rsquo;auteur ou des auteurs et ne refl\u00e8tent pas n\u00e9cessairement les positions et opinions de l&rsquo;Union europ\u00e9enne ou de l&rsquo;Agence nationale du programme Erasmus+. Ni l&rsquo;Union europ\u00e9enne ni l&rsquo;organisme accordant la subvention n&rsquo;en assument la responsabilit\u00e9.<\/p>\n\n\n\n<hr class=\"wp-block-separator has-alpha-channel-opacity\"\/>\n\n\n\n<p><strong>Facilit\u00e9s pour les personnes malvoyantes<\/strong><\/p>\n\n\n\n<p>Nous faisons tout notre possible pour que notre site soit accessible \u00e0 tous les utilisateurs, y compris aux personnes malvoyantes. Nous avons int\u00e9gr\u00e9 des textes alternatifs appropri\u00e9s aux images pour faciliter l&rsquo;utilisation de notre service.<\/p>\n\n\n\n<p>Cependant, si vous remarquez des lacunes ou si vous avez des suggestions concernant notre site, nous vous prions de bien vouloir nous contacter \u00e0 l&rsquo;adresse suivante : <a href=\"mailto:contact@Flevolution.eu\" target=\"_blank\" rel=\"noreferrer noopener\">contact@Flevolution.eu<\/a>. Vos remarques sont extr\u00eamement importantes pour nous afin que nous puissions continuer \u00e0 am\u00e9liorer l&rsquo;accessibilit\u00e9 de notre site.<\/p>\n\n\n\n<p>Nous vous remercions de votre compr\u00e9hension et de votre aide !<\/p>\n\n\n\n<hr class=\"wp-block-separator has-alpha-channel-opacity\"\/>\n\n\n\n<p><\/p>\n","protected":false},"excerpt":{"rendered":"<p>Cofinanc\u00e9 par des fonds de l&rsquo;UE. Les opinions et points de vue exprim\u00e9s sont uniquement ceux de l&rsquo;auteur ou des auteurs et ne refl\u00e8tent pas n\u00e9cessairement les positions et opinions de l&rsquo;Union europ\u00e9enne ou de l&rsquo;Agence nationale du programme Erasmus+. Ni l&rsquo;Union europ\u00e9enne ni l&rsquo;organisme accordant la subvention n&rsquo;en assument la responsabilit\u00e9. Facilit\u00e9s pour les&#8230;<\/p>\n","protected":false},"author":2,"featured_media":0,"parent":0,"menu_order":0,"comment_status":"closed","ping_status":"closed","template":"","meta":{"ngg_post_thumbnail":0,"_kad_post_transparent":"","_kad_post_title":"","_kad_post_layout":"","_kad_post_sidebar_id":"","_kad_post_content_style":"","_kad_post_vertical_padding":"","_kad_post_feature":"","_kad_post_feature_position":"","_kad_post_header":false,"_kad_post_footer":false,"footnotes":""},"class_list":["post-743","page","type-page","status-publish","hentry"],"_links":{"self":[{"href":"https:\/\/flevolution.eu\/cms\/index.php\/wp-json\/wp\/v2\/pages\/743","targetHints":{"allow":["GET"]}}],"collection":[{"href":"https:\/\/flevolution.eu\/cms\/index.php\/wp-json\/wp\/v2\/pages"}],"about":[{"href":"https:\/\/flevolution.eu\/cms\/index.php\/wp-json\/wp\/v2\/types\/page"}],"author":[{"embeddable":true,"href":"https:\/\/flevolution.eu\/cms\/index.php\/wp-json\/wp\/v2\/users\/2"}],"replies":[{"embeddable":true,"href":"https:\/\/flevolution.eu\/cms\/index.php\/wp-json\/wp\/v2\/comments?post=743"}],"version-history":[{"count":1,"href":"https:\/\/flevolution.eu\/cms\/index.php\/wp-json\/wp\/v2\/pages\/743\/revisions"}],"predecessor-version":[{"id":744,"href":"https:\/\/flevolution.eu\/cms\/index.php\/wp-json\/wp\/v2\/pages\/743\/revisions\/744"}],"wp:attachment":[{"href":"https:\/\/flevolution.eu\/cms\/index.php\/wp-json\/wp\/v2\/media?parent=743"}],"curies":[{"name":"wp","href":"https:\/\/api.w.org\/{rel}","templated":true}]}}