{"id":932,"date":"2025-02-19T18:26:20","date_gmt":"2025-02-19T17:26:20","guid":{"rendered":"https:\/\/flevolution.eu\/cms\/?page_id=932"},"modified":"2025-02-19T18:26:20","modified_gmt":"2025-02-19T17:26:20","slug":"cahier-en-vert","status":"publish","type":"page","link":"https:\/\/flevolution.eu\/cms\/index.php\/cahier-en-vert\/","title":{"rendered":"Cahier en vert"},"content":{"rendered":"\n<p class=\"has-medium-font-size\"><em>Cahier en vert\u00a0<\/em><\/p>\n\n\n\n<p class=\"has-medium-font-size\"><em>l&rsquo;envers de la vie <\/em>\/ <em>en vers et en feuilles<\/em><\/p>\n\n\n\n<p>Il s\u2019agit d\u2019un bloc-notes issu des conversations avec les \u00e9tudiants au sujet de l\u2019\u00e9cologie et de ses enjeux. L\u2019objectif principal de cette activit\u00e9 est non seulement d\u2019encourager (ou \u00e9veiller) la conscience \u00e9cologique, mais aussi de se situer par rapport \u00e0 l\u2019espace, aux territoires, \u00e0 la T\/terre. Pour le faire, par interm\u00e9diaire des exercices lexicaux, on examine ensemble les questions \u00e9cologiques ainsi que les attaches aux lieux, aux paysages et aux spatialit\u00e9s qu\u2019on vit. Le <em>cahier en vert<\/em>&nbsp;et le stylo en main partagez avec nous cette r\u00e9flexion&nbsp;!&nbsp;<\/p>\n\n\n\n<div class=\"wp-block-columns is-layout-flex wp-container-core-columns-is-layout-9d6595d7 wp-block-columns-is-layout-flex\">\n<div class=\"wp-block-column is-layout-flow wp-block-column-is-layout-flow\" style=\"flex-basis:66.66%\">\n<p style=\"font-size:17px\"><strong>Jadwiga Bodzi\u0144ska-Bobkowska<\/strong> est enseignante-chercheuse \u00e0 l\u2019Universit\u00e9 de Gda\u0144sk, sp\u00e9cialiste en litt\u00e9rature franco-polonaise du XXe si\u00e8cle, traductrice et enseignante du FLE. Boursi\u00e8re du Gouvernement Fran\u00e7ais et coordinatrice du projet europ\u00e9en FLEvolution, dans son travail scientifique (consacr\u00e9, pour la plupart, \u00e0 l\u2019\u0153uvre litt\u00e9raire des rescap\u00e9s des camps de concentration) elle s\u2019occupe, entre autres, des spatialit\u00e9s litt\u00e9raires et leurs enjeux identitaires. Dans son temps libre, elle p\u00e9n\u00e8tre, avec son amie vizsla, Fuerta (Rivi\u00e8re Ruisselante), les for\u00eats des parc r\u00e9gionaux, les plages et attrape les vagues de la Baltique.\u00a0<\/p>\n<\/div>\n\n\n\n<div class=\"wp-block-column is-layout-flow wp-block-column-is-layout-flow\" style=\"flex-basis:33.33%\">\n<figure class=\"wp-block-image size-full\"><img loading=\"lazy\" decoding=\"async\" width=\"740\" height=\"927\" src=\"https:\/\/flevolution.eu\/cms\/wp-content\/uploads\/2025\/02\/j_bodzinska.png\" alt=\"Jadwiga Bodzi\u0144ska photo\" class=\"wp-image-933\" srcset=\"https:\/\/flevolution.eu\/cms\/wp-content\/uploads\/2025\/02\/j_bodzinska.png 740w, https:\/\/flevolution.eu\/cms\/wp-content\/uploads\/2025\/02\/j_bodzinska-239x300.png 239w\" sizes=\"auto, (max-width: 740px) 100vw, 740px\" \/><\/figure>\n<\/div>\n<\/div>\n","protected":false},"excerpt":{"rendered":"<p>Cahier en vert\u00a0 l&rsquo;envers de la vie \/ en vers et en feuilles Il s\u2019agit d\u2019un bloc-notes issu des conversations avec les \u00e9tudiants au sujet de l\u2019\u00e9cologie et de ses enjeux. L\u2019objectif principal de cette activit\u00e9 est non seulement d\u2019encourager (ou \u00e9veiller) la conscience \u00e9cologique, mais aussi de se situer par rapport \u00e0 l\u2019espace, aux&#8230;<\/p>\n","protected":false},"author":2,"featured_media":0,"parent":0,"menu_order":0,"comment_status":"closed","ping_status":"closed","template":"","meta":{"ngg_post_thumbnail":0,"_kad_post_transparent":"","_kad_post_title":"","_kad_post_layout":"","_kad_post_sidebar_id":"","_kad_post_content_style":"","_kad_post_vertical_padding":"","_kad_post_feature":"","_kad_post_feature_position":"","_kad_post_header":false,"_kad_post_footer":false,"footnotes":""},"class_list":["post-932","page","type-page","status-publish","hentry"],"_links":{"self":[{"href":"https:\/\/flevolution.eu\/cms\/index.php\/wp-json\/wp\/v2\/pages\/932","targetHints":{"allow":["GET"]}}],"collection":[{"href":"https:\/\/flevolution.eu\/cms\/index.php\/wp-json\/wp\/v2\/pages"}],"about":[{"href":"https:\/\/flevolution.eu\/cms\/index.php\/wp-json\/wp\/v2\/types\/page"}],"author":[{"embeddable":true,"href":"https:\/\/flevolution.eu\/cms\/index.php\/wp-json\/wp\/v2\/users\/2"}],"replies":[{"embeddable":true,"href":"https:\/\/flevolution.eu\/cms\/index.php\/wp-json\/wp\/v2\/comments?post=932"}],"version-history":[{"count":1,"href":"https:\/\/flevolution.eu\/cms\/index.php\/wp-json\/wp\/v2\/pages\/932\/revisions"}],"predecessor-version":[{"id":934,"href":"https:\/\/flevolution.eu\/cms\/index.php\/wp-json\/wp\/v2\/pages\/932\/revisions\/934"}],"wp:attachment":[{"href":"https:\/\/flevolution.eu\/cms\/index.php\/wp-json\/wp\/v2\/media?parent=932"}],"curies":[{"name":"wp","href":"https:\/\/api.w.org\/{rel}","templated":true}]}}