{"id":967,"date":"2025-02-22T21:42:01","date_gmt":"2025-02-22T20:42:01","guid":{"rendered":"https:\/\/flevolution.eu\/cms\/?page_id=967"},"modified":"2025-03-02T16:56:57","modified_gmt":"2025-03-02T15:56:57","slug":"posters-a-preparer","status":"publish","type":"page","link":"https:\/\/flevolution.eu\/cms\/index.php\/posters-a-preparer\/","title":{"rendered":"Posters \u00e0 pr\u00e9parer"},"content":{"rendered":"<div class=\"wp-block-image\">\n<figure class=\"aligncenter size-large is-resized\"><img loading=\"lazy\" decoding=\"async\" width=\"1024\" height=\"576\" src=\"https:\/\/flevolution.eu\/cms\/wp-content\/uploads\/2025\/02\/Copie-de-Copie-de-presente-par-1024x576.png\" alt=\"pr\u00e9sent\u00e9 par\" class=\"wp-image-968\" style=\"width:960px;height:auto\" srcset=\"https:\/\/flevolution.eu\/cms\/wp-content\/uploads\/2025\/02\/Copie-de-Copie-de-presente-par-1024x576.png 1024w, https:\/\/flevolution.eu\/cms\/wp-content\/uploads\/2025\/02\/Copie-de-Copie-de-presente-par-300x169.png 300w, https:\/\/flevolution.eu\/cms\/wp-content\/uploads\/2025\/02\/Copie-de-Copie-de-presente-par-768x432.png 768w, https:\/\/flevolution.eu\/cms\/wp-content\/uploads\/2025\/02\/Copie-de-Copie-de-presente-par-1536x864.png 1536w, https:\/\/flevolution.eu\/cms\/wp-content\/uploads\/2025\/02\/Copie-de-Copie-de-presente-par.png 1920w\" sizes=\"auto, (max-width: 1024px) 100vw, 1024px\" \/><\/figure>\n<\/div>\n\n\n<p>Les participants et participantes au projet s&rsquo;engagent activement \u00e0 pr\u00e9parer une s\u00e9rie d&rsquo;exercices qui seront ult\u00e9rieurement disponibles sur le site. Cette initiative vise non seulement \u00e0 contribuer \u00e0 la cr\u00e9ation de ressources \u00e9ducatives, mais \u00e9galement \u00e0 favoriser la r\u00e9flexion critique sur le processus d&rsquo;apprentissage. Dans ce cadre, chaque groupe est charg\u00e9 de cr\u00e9er une affiche qui pr\u00e9sente de mani\u00e8re analytique ses r\u00e9flexions sur les exp\u00e9riences v\u00e9cues durant le projet. Ce processus de cr\u00e9ation les pousse \u00e0 examiner en profondeur les diff\u00e9rentes facettes de leur apprentissage, \u00e0 identifier les d\u00e9fis rencontr\u00e9s, ainsi qu&rsquo;\u00e0 c\u00e9l\u00e9brer les r\u00e9ussites. \u00c0 Gda\u0144sk, un moment cl\u00e9 de cette entreprise est organis\u00e9, o\u00f9 tous les groupes se r\u00e9unissent pour partager leurs exp\u00e9riences. Ce partage enrichit non seulement chaque participant, mais cr\u00e9e \u00e9galement un espace d&rsquo;\u00e9change d&rsquo;id\u00e9es et de bonnes pratiques, essentiel pour la coh\u00e9sion du projet et l&rsquo;enrichissement mutuel des apprenants.\u00a0\u00bb Cela donne une vue d&rsquo;ensemble plus compl\u00e8te des activit\u00e9s des participants et de l&rsquo;importance de leur collaboration.<\/p>\n\n\n\n<h3 class=\"wp-block-heading\">\u00e9dition 2024<\/h3>\n\n\n\n<div class=\"wp-block-columns is-layout-flex wp-container-core-columns-is-layout-9d6595d7 wp-block-columns-is-layout-flex\">\n<div class=\"wp-block-column is-layout-flow wp-block-column-is-layout-flow\" style=\"flex-basis:20%\"><\/div>\n\n\n\n<div class=\"wp-block-column is-layout-flow wp-block-column-is-layout-flow\" style=\"flex-basis:60%\">\n<figure class=\"wp-block-embed is-type-video is-provider-youtube wp-block-embed-youtube wp-embed-aspect-16-9 wp-has-aspect-ratio\"><div class=\"wp-block-embed__wrapper\">\n<iframe loading=\"lazy\" title=\"... et c&#039;est quoi ce poster :) ?\" width=\"720\" height=\"405\" src=\"https:\/\/www.youtube.com\/embed\/uHVLlAksz2U?feature=oembed\" frameborder=\"0\" allow=\"accelerometer; autoplay; clipboard-write; encrypted-media; gyroscope; picture-in-picture; web-share\" referrerpolicy=\"strict-origin-when-cross-origin\" allowfullscreen><\/iframe>\n<\/div><\/figure>\n<\/div>\n\n\n\n<div class=\"wp-block-column is-layout-flow wp-block-column-is-layout-flow\" style=\"flex-basis:20%\"><\/div>\n<\/div>\n\n\n\n\n<div class=\"ngg-galleryoverview ngg-slideshow\"\n\tid=\"ngg-slideshow-03c57c7ded298487cc9f706b46c6cbe5-9540417450\"\n\tdata-gallery-id=\"03c57c7ded298487cc9f706b46c6cbe5\"\n\tstyle=\"max-width: 750px;\n\t\t\tmax-height: 500px;\n\t\t\tdisplay: none;\">\n\n\t\n\t\t<a href=\"https:\/\/flevolution.eu\/cms\/wp-content\/gallery\/poster2024\/poster02.png\"\n\t\t\ttitle=\"\"\n\t\t\tdata-src=\"https:\/\/flevolution.eu\/cms\/wp-content\/gallery\/poster2024\/poster02.png\"\n\t\t\tdata-thumbnail=\"https:\/\/flevolution.eu\/cms\/wp-content\/gallery\/poster2024\/thumbs\/thumbs-poster02.png\"\n\t\t\tdata-image-id=\"105\"\n\t\t\tdata-title=\"poster - 2\"\n\t\t\tdata-description=\"\"\n\t\t\tclass=\"ngg-simplelightbox\" rel=\"03c57c7ded298487cc9f706b46c6cbe5\">\n\n\t\t\t<img data-image-id='105'\n\t\t\t\ttitle=\"\"\n\t\t\t\talt=\"poster - 2\"\n\t\t\t\tsrc=\"https:\/\/flevolution.eu\/cms\/wp-content\/gallery\/poster2024\/poster02.png\"\n\t\t\t\tstyle=\"max-height: 480px;\"\/>\n\t\t<\/a>\n\n\t\t\n\t\t<a href=\"https:\/\/flevolution.eu\/cms\/wp-content\/gallery\/poster2024\/poster01.png\"\n\t\t\ttitle=\"\"\n\t\t\tdata-src=\"https:\/\/flevolution.eu\/cms\/wp-content\/gallery\/poster2024\/poster01.png\"\n\t\t\tdata-thumbnail=\"https:\/\/flevolution.eu\/cms\/wp-content\/gallery\/poster2024\/thumbs\/thumbs-poster01.png\"\n\t\t\tdata-image-id=\"106\"\n\t\t\tdata-title=\"poster - 1\"\n\t\t\tdata-description=\"\"\n\t\t\tclass=\"ngg-simplelightbox\" rel=\"03c57c7ded298487cc9f706b46c6cbe5\">\n\n\t\t\t<img data-image-id='106'\n\t\t\t\ttitle=\"\"\n\t\t\t\talt=\"poster - 1\"\n\t\t\t\tsrc=\"https:\/\/flevolution.eu\/cms\/wp-content\/gallery\/poster2024\/poster01.png\"\n\t\t\t\tstyle=\"max-height: 480px;\"\/>\n\t\t<\/a>\n\n\t\t\n\t\t<a href=\"https:\/\/flevolution.eu\/cms\/wp-content\/gallery\/poster2024\/poster06.png\"\n\t\t\ttitle=\"\"\n\t\t\tdata-src=\"https:\/\/flevolution.eu\/cms\/wp-content\/gallery\/poster2024\/poster06.png\"\n\t\t\tdata-thumbnail=\"https:\/\/flevolution.eu\/cms\/wp-content\/gallery\/poster2024\/thumbs\/thumbs-poster06.png\"\n\t\t\tdata-image-id=\"107\"\n\t\t\tdata-title=\"poster - 6\"\n\t\t\tdata-description=\"\"\n\t\t\tclass=\"ngg-simplelightbox\" rel=\"03c57c7ded298487cc9f706b46c6cbe5\">\n\n\t\t\t<img data-image-id='107'\n\t\t\t\ttitle=\"\"\n\t\t\t\talt=\"poster - 6\"\n\t\t\t\tsrc=\"https:\/\/flevolution.eu\/cms\/wp-content\/gallery\/poster2024\/poster06.png\"\n\t\t\t\tstyle=\"max-height: 480px;\"\/>\n\t\t<\/a>\n\n\t\t\n\t\t<a href=\"https:\/\/flevolution.eu\/cms\/wp-content\/gallery\/poster2024\/poster03.png\"\n\t\t\ttitle=\"\"\n\t\t\tdata-src=\"https:\/\/flevolution.eu\/cms\/wp-content\/gallery\/poster2024\/poster03.png\"\n\t\t\tdata-thumbnail=\"https:\/\/flevolution.eu\/cms\/wp-content\/gallery\/poster2024\/thumbs\/thumbs-poster03.png\"\n\t\t\tdata-image-id=\"108\"\n\t\t\tdata-title=\"poster - 3\"\n\t\t\tdata-description=\"\"\n\t\t\tclass=\"ngg-simplelightbox\" rel=\"03c57c7ded298487cc9f706b46c6cbe5\">\n\n\t\t\t<img data-image-id='108'\n\t\t\t\ttitle=\"\"\n\t\t\t\talt=\"poster - 3\"\n\t\t\t\tsrc=\"https:\/\/flevolution.eu\/cms\/wp-content\/gallery\/poster2024\/poster03.png\"\n\t\t\t\tstyle=\"max-height: 480px;\"\/>\n\t\t<\/a>\n\n\t\t\n\t\t<a href=\"https:\/\/flevolution.eu\/cms\/wp-content\/gallery\/poster2024\/poster05.png\"\n\t\t\ttitle=\"\"\n\t\t\tdata-src=\"https:\/\/flevolution.eu\/cms\/wp-content\/gallery\/poster2024\/poster05.png\"\n\t\t\tdata-thumbnail=\"https:\/\/flevolution.eu\/cms\/wp-content\/gallery\/poster2024\/thumbs\/thumbs-poster05.png\"\n\t\t\tdata-image-id=\"109\"\n\t\t\tdata-title=\"poster - 5\"\n\t\t\tdata-description=\"\"\n\t\t\tclass=\"ngg-simplelightbox\" rel=\"03c57c7ded298487cc9f706b46c6cbe5\">\n\n\t\t\t<img data-image-id='109'\n\t\t\t\ttitle=\"\"\n\t\t\t\talt=\"poster - 5\"\n\t\t\t\tsrc=\"https:\/\/flevolution.eu\/cms\/wp-content\/gallery\/poster2024\/poster05.png\"\n\t\t\t\tstyle=\"max-height: 480px;\"\/>\n\t\t<\/a>\n\n\t\t\n\t\t<a href=\"https:\/\/flevolution.eu\/cms\/wp-content\/gallery\/poster2024\/poster04.png\"\n\t\t\ttitle=\"\"\n\t\t\tdata-src=\"https:\/\/flevolution.eu\/cms\/wp-content\/gallery\/poster2024\/poster04.png\"\n\t\t\tdata-thumbnail=\"https:\/\/flevolution.eu\/cms\/wp-content\/gallery\/poster2024\/thumbs\/thumbs-poster04.png\"\n\t\t\tdata-image-id=\"110\"\n\t\t\tdata-title=\"poster - 4\"\n\t\t\tdata-description=\"\"\n\t\t\tclass=\"ngg-simplelightbox\" rel=\"03c57c7ded298487cc9f706b46c6cbe5\">\n\n\t\t\t<img data-image-id='110'\n\t\t\t\ttitle=\"\"\n\t\t\t\talt=\"poster - 4\"\n\t\t\t\tsrc=\"https:\/\/flevolution.eu\/cms\/wp-content\/gallery\/poster2024\/poster04.png\"\n\t\t\t\tstyle=\"max-height: 480px;\"\/>\n\t\t<\/a>\n\n\t\t\n\t\t<a href=\"https:\/\/flevolution.eu\/cms\/wp-content\/gallery\/poster2024\/poster07.png\"\n\t\t\ttitle=\"\"\n\t\t\tdata-src=\"https:\/\/flevolution.eu\/cms\/wp-content\/gallery\/poster2024\/poster07.png\"\n\t\t\tdata-thumbnail=\"https:\/\/flevolution.eu\/cms\/wp-content\/gallery\/poster2024\/thumbs\/thumbs-poster07.png\"\n\t\t\tdata-image-id=\"111\"\n\t\t\tdata-title=\"poster - 7\"\n\t\t\tdata-description=\"\"\n\t\t\tclass=\"ngg-simplelightbox\" rel=\"03c57c7ded298487cc9f706b46c6cbe5\">\n\n\t\t\t<img data-image-id='111'\n\t\t\t\ttitle=\"\"\n\t\t\t\talt=\"poster - 7\"\n\t\t\t\tsrc=\"https:\/\/flevolution.eu\/cms\/wp-content\/gallery\/poster2024\/poster07.png\"\n\t\t\t\tstyle=\"max-height: 480px;\"\/>\n\t\t<\/a>\n\n\t\t\n\t\t<a href=\"https:\/\/flevolution.eu\/cms\/wp-content\/gallery\/poster2024\/poster08.png\"\n\t\t\ttitle=\"\"\n\t\t\tdata-src=\"https:\/\/flevolution.eu\/cms\/wp-content\/gallery\/poster2024\/poster08.png\"\n\t\t\tdata-thumbnail=\"https:\/\/flevolution.eu\/cms\/wp-content\/gallery\/poster2024\/thumbs\/thumbs-poster08.png\"\n\t\t\tdata-image-id=\"112\"\n\t\t\tdata-title=\"poster - 8\"\n\t\t\tdata-description=\"\"\n\t\t\tclass=\"ngg-simplelightbox\" rel=\"03c57c7ded298487cc9f706b46c6cbe5\">\n\n\t\t\t<img data-image-id='112'\n\t\t\t\ttitle=\"\"\n\t\t\t\talt=\"poster - 8\"\n\t\t\t\tsrc=\"https:\/\/flevolution.eu\/cms\/wp-content\/gallery\/poster2024\/poster08.png\"\n\t\t\t\tstyle=\"max-height: 480px;\"\/>\n\t\t<\/a>\n\n\t\t\n\t\t<a href=\"https:\/\/flevolution.eu\/cms\/wp-content\/gallery\/poster2024\/poster09.png\"\n\t\t\ttitle=\"\"\n\t\t\tdata-src=\"https:\/\/flevolution.eu\/cms\/wp-content\/gallery\/poster2024\/poster09.png\"\n\t\t\tdata-thumbnail=\"https:\/\/flevolution.eu\/cms\/wp-content\/gallery\/poster2024\/thumbs\/thumbs-poster09.png\"\n\t\t\tdata-image-id=\"113\"\n\t\t\tdata-title=\"poster - 9\"\n\t\t\tdata-description=\"\"\n\t\t\tclass=\"ngg-simplelightbox\" rel=\"03c57c7ded298487cc9f706b46c6cbe5\">\n\n\t\t\t<img data-image-id='113'\n\t\t\t\ttitle=\"\"\n\t\t\t\talt=\"poster - 9\"\n\t\t\t\tsrc=\"https:\/\/flevolution.eu\/cms\/wp-content\/gallery\/poster2024\/poster09.png\"\n\t\t\t\tstyle=\"max-height: 480px;\"\/>\n\t\t<\/a>\n\n\t\t\n\t\t<a href=\"https:\/\/flevolution.eu\/cms\/wp-content\/gallery\/poster2024\/poster10.png\"\n\t\t\ttitle=\"\"\n\t\t\tdata-src=\"https:\/\/flevolution.eu\/cms\/wp-content\/gallery\/poster2024\/poster10.png\"\n\t\t\tdata-thumbnail=\"https:\/\/flevolution.eu\/cms\/wp-content\/gallery\/poster2024\/thumbs\/thumbs-poster10.png\"\n\t\t\tdata-image-id=\"114\"\n\t\t\tdata-title=\"poster - 10\"\n\t\t\tdata-description=\"\"\n\t\t\tclass=\"ngg-simplelightbox\" rel=\"03c57c7ded298487cc9f706b46c6cbe5\">\n\n\t\t\t<img data-image-id='114'\n\t\t\t\ttitle=\"\"\n\t\t\t\talt=\"poster - 10\"\n\t\t\t\tsrc=\"https:\/\/flevolution.eu\/cms\/wp-content\/gallery\/poster2024\/poster10.png\"\n\t\t\t\tstyle=\"max-height: 480px;\"\/>\n\t\t<\/a>\n\n\t\t\n\t\t<a href=\"https:\/\/flevolution.eu\/cms\/wp-content\/gallery\/poster2024\/poster11.png\"\n\t\t\ttitle=\"\"\n\t\t\tdata-src=\"https:\/\/flevolution.eu\/cms\/wp-content\/gallery\/poster2024\/poster11.png\"\n\t\t\tdata-thumbnail=\"https:\/\/flevolution.eu\/cms\/wp-content\/gallery\/poster2024\/thumbs\/thumbs-poster11.png\"\n\t\t\tdata-image-id=\"115\"\n\t\t\tdata-title=\"poster - 11\"\n\t\t\tdata-description=\"\"\n\t\t\tclass=\"ngg-simplelightbox\" rel=\"03c57c7ded298487cc9f706b46c6cbe5\">\n\n\t\t\t<img data-image-id='115'\n\t\t\t\ttitle=\"\"\n\t\t\t\talt=\"poster - 11\"\n\t\t\t\tsrc=\"https:\/\/flevolution.eu\/cms\/wp-content\/gallery\/poster2024\/poster11.png\"\n\t\t\t\tstyle=\"max-height: 480px;\"\/>\n\t\t<\/a>\n\n\t\t\n\t\t<a href=\"https:\/\/flevolution.eu\/cms\/wp-content\/gallery\/poster2024\/poster12.png\"\n\t\t\ttitle=\"\"\n\t\t\tdata-src=\"https:\/\/flevolution.eu\/cms\/wp-content\/gallery\/poster2024\/poster12.png\"\n\t\t\tdata-thumbnail=\"https:\/\/flevolution.eu\/cms\/wp-content\/gallery\/poster2024\/thumbs\/thumbs-poster12.png\"\n\t\t\tdata-image-id=\"116\"\n\t\t\tdata-title=\"poster - 12\"\n\t\t\tdata-description=\"\"\n\t\t\tclass=\"ngg-simplelightbox\" rel=\"03c57c7ded298487cc9f706b46c6cbe5\">\n\n\t\t\t<img data-image-id='116'\n\t\t\t\ttitle=\"\"\n\t\t\t\talt=\"poster - 12\"\n\t\t\t\tsrc=\"https:\/\/flevolution.eu\/cms\/wp-content\/gallery\/poster2024\/poster12.png\"\n\t\t\t\tstyle=\"max-height: 480px;\"\/>\n\t\t<\/a>\n\n\t\t\n\t\t<a href=\"https:\/\/flevolution.eu\/cms\/wp-content\/gallery\/poster2024\/poster13.png\"\n\t\t\ttitle=\"\"\n\t\t\tdata-src=\"https:\/\/flevolution.eu\/cms\/wp-content\/gallery\/poster2024\/poster13.png\"\n\t\t\tdata-thumbnail=\"https:\/\/flevolution.eu\/cms\/wp-content\/gallery\/poster2024\/thumbs\/thumbs-poster13.png\"\n\t\t\tdata-image-id=\"117\"\n\t\t\tdata-title=\"poster - 13\"\n\t\t\tdata-description=\"\"\n\t\t\tclass=\"ngg-simplelightbox\" rel=\"03c57c7ded298487cc9f706b46c6cbe5\">\n\n\t\t\t<img data-image-id='117'\n\t\t\t\ttitle=\"\"\n\t\t\t\talt=\"poster - 13\"\n\t\t\t\tsrc=\"https:\/\/flevolution.eu\/cms\/wp-content\/gallery\/poster2024\/poster13.png\"\n\t\t\t\tstyle=\"max-height: 480px;\"\/>\n\t\t<\/a>\n\n\t\t\n\t\t<a href=\"https:\/\/flevolution.eu\/cms\/wp-content\/gallery\/poster2024\/poster14.png\"\n\t\t\ttitle=\"\"\n\t\t\tdata-src=\"https:\/\/flevolution.eu\/cms\/wp-content\/gallery\/poster2024\/poster14.png\"\n\t\t\tdata-thumbnail=\"https:\/\/flevolution.eu\/cms\/wp-content\/gallery\/poster2024\/thumbs\/thumbs-poster14.png\"\n\t\t\tdata-image-id=\"118\"\n\t\t\tdata-title=\"poster - 14\"\n\t\t\tdata-description=\"\"\n\t\t\tclass=\"ngg-simplelightbox\" rel=\"03c57c7ded298487cc9f706b46c6cbe5\">\n\n\t\t\t<img data-image-id='118'\n\t\t\t\ttitle=\"\"\n\t\t\t\talt=\"poster - 14\"\n\t\t\t\tsrc=\"https:\/\/flevolution.eu\/cms\/wp-content\/gallery\/poster2024\/poster14.png\"\n\t\t\t\tstyle=\"max-height: 480px;\"\/>\n\t\t<\/a>\n\n\t\t\n\t\t<a href=\"https:\/\/flevolution.eu\/cms\/wp-content\/gallery\/poster2024\/poster15.png\"\n\t\t\ttitle=\"\"\n\t\t\tdata-src=\"https:\/\/flevolution.eu\/cms\/wp-content\/gallery\/poster2024\/poster15.png\"\n\t\t\tdata-thumbnail=\"https:\/\/flevolution.eu\/cms\/wp-content\/gallery\/poster2024\/thumbs\/thumbs-poster15.png\"\n\t\t\tdata-image-id=\"119\"\n\t\t\tdata-title=\"poster - 15\"\n\t\t\tdata-description=\"\"\n\t\t\tclass=\"ngg-simplelightbox\" rel=\"03c57c7ded298487cc9f706b46c6cbe5\">\n\n\t\t\t<img data-image-id='119'\n\t\t\t\ttitle=\"\"\n\t\t\t\talt=\"poster - 15\"\n\t\t\t\tsrc=\"https:\/\/flevolution.eu\/cms\/wp-content\/gallery\/poster2024\/poster15.png\"\n\t\t\t\tstyle=\"max-height: 480px;\"\/>\n\t\t<\/a>\n\n\t\t\n\t\t<a href=\"https:\/\/flevolution.eu\/cms\/wp-content\/gallery\/poster2024\/poster16.png\"\n\t\t\ttitle=\"\"\n\t\t\tdata-src=\"https:\/\/flevolution.eu\/cms\/wp-content\/gallery\/poster2024\/poster16.png\"\n\t\t\tdata-thumbnail=\"https:\/\/flevolution.eu\/cms\/wp-content\/gallery\/poster2024\/thumbs\/thumbs-poster16.png\"\n\t\t\tdata-image-id=\"120\"\n\t\t\tdata-title=\"poster - 16\"\n\t\t\tdata-description=\"\"\n\t\t\tclass=\"ngg-simplelightbox\" rel=\"03c57c7ded298487cc9f706b46c6cbe5\">\n\n\t\t\t<img data-image-id='120'\n\t\t\t\ttitle=\"\"\n\t\t\t\talt=\"poster - 16\"\n\t\t\t\tsrc=\"https:\/\/flevolution.eu\/cms\/wp-content\/gallery\/poster2024\/poster16.png\"\n\t\t\t\tstyle=\"max-height: 480px;\"\/>\n\t\t<\/a>\n\n\t\t\n\t\t<a href=\"https:\/\/flevolution.eu\/cms\/wp-content\/gallery\/poster2024\/poster17.png\"\n\t\t\ttitle=\"\"\n\t\t\tdata-src=\"https:\/\/flevolution.eu\/cms\/wp-content\/gallery\/poster2024\/poster17.png\"\n\t\t\tdata-thumbnail=\"https:\/\/flevolution.eu\/cms\/wp-content\/gallery\/poster2024\/thumbs\/thumbs-poster17.png\"\n\t\t\tdata-image-id=\"121\"\n\t\t\tdata-title=\"poster - 17\"\n\t\t\tdata-description=\"\"\n\t\t\tclass=\"ngg-simplelightbox\" rel=\"03c57c7ded298487cc9f706b46c6cbe5\">\n\n\t\t\t<img data-image-id='121'\n\t\t\t\ttitle=\"\"\n\t\t\t\talt=\"poster - 17\"\n\t\t\t\tsrc=\"https:\/\/flevolution.eu\/cms\/wp-content\/gallery\/poster2024\/poster17.png\"\n\t\t\t\tstyle=\"max-height: 480px;\"\/>\n\t\t<\/a>\n\n\t\t<\/div>\n\n\n\n\n\n\n<div class=\"wp-block-columns is-layout-flex wp-container-core-columns-is-layout-9d6595d7 wp-block-columns-is-layout-flex\">\n<div class=\"wp-block-column is-layout-flow wp-block-column-is-layout-flow\" style=\"flex-basis:20%\"><\/div>\n\n\n\n<div class=\"wp-block-column is-layout-flow wp-block-column-is-layout-flow\" style=\"flex-basis:60%\">\n<figure class=\"wp-block-embed is-type-video is-provider-youtube wp-block-embed-youtube wp-embed-aspect-16-9 wp-has-aspect-ratio\"><div class=\"wp-block-embed__wrapper\">\n<iframe loading=\"lazy\" title=\"FLEvolution, pr\u00e9sentation des posters, le 9 mai 2024\" width=\"720\" height=\"405\" src=\"https:\/\/www.youtube.com\/embed\/Oq2utHvYTkk?feature=oembed\" frameborder=\"0\" allow=\"accelerometer; autoplay; clipboard-write; encrypted-media; gyroscope; picture-in-picture; web-share\" referrerpolicy=\"strict-origin-when-cross-origin\" allowfullscreen><\/iframe>\n<\/div><\/figure>\n<\/div>\n\n\n\n<div class=\"wp-block-column is-layout-flow wp-block-column-is-layout-flow\" style=\"flex-basis:20%\"><\/div>\n<\/div>\n","protected":false},"excerpt":{"rendered":"<p>Les participants et participantes au projet s&rsquo;engagent activement \u00e0 pr\u00e9parer une s\u00e9rie d&rsquo;exercices qui seront ult\u00e9rieurement disponibles sur le site. Cette initiative vise non seulement \u00e0 contribuer \u00e0 la cr\u00e9ation de ressources \u00e9ducatives, mais \u00e9galement \u00e0 favoriser la r\u00e9flexion critique sur le processus d&rsquo;apprentissage. Dans ce cadre, chaque groupe est charg\u00e9 de cr\u00e9er une affiche&#8230;<\/p>\n","protected":false},"author":2,"featured_media":0,"parent":0,"menu_order":0,"comment_status":"closed","ping_status":"closed","template":"","meta":{"ngg_post_thumbnail":0,"_kad_post_transparent":"","_kad_post_title":"","_kad_post_layout":"","_kad_post_sidebar_id":"","_kad_post_content_style":"","_kad_post_vertical_padding":"","_kad_post_feature":"","_kad_post_feature_position":"","_kad_post_header":false,"_kad_post_footer":false,"footnotes":""},"class_list":["post-967","page","type-page","status-publish","hentry"],"_links":{"self":[{"href":"https:\/\/flevolution.eu\/cms\/index.php\/wp-json\/wp\/v2\/pages\/967","targetHints":{"allow":["GET"]}}],"collection":[{"href":"https:\/\/flevolution.eu\/cms\/index.php\/wp-json\/wp\/v2\/pages"}],"about":[{"href":"https:\/\/flevolution.eu\/cms\/index.php\/wp-json\/wp\/v2\/types\/page"}],"author":[{"embeddable":true,"href":"https:\/\/flevolution.eu\/cms\/index.php\/wp-json\/wp\/v2\/users\/2"}],"replies":[{"embeddable":true,"href":"https:\/\/flevolution.eu\/cms\/index.php\/wp-json\/wp\/v2\/comments?post=967"}],"version-history":[{"count":4,"href":"https:\/\/flevolution.eu\/cms\/index.php\/wp-json\/wp\/v2\/pages\/967\/revisions"}],"predecessor-version":[{"id":1086,"href":"https:\/\/flevolution.eu\/cms\/index.php\/wp-json\/wp\/v2\/pages\/967\/revisions\/1086"}],"wp:attachment":[{"href":"https:\/\/flevolution.eu\/cms\/index.php\/wp-json\/wp\/v2\/media?parent=967"}],"curies":[{"name":"wp","href":"https:\/\/api.w.org\/{rel}","templated":true}]}}